{"id":21361,"date":"2022-06-30T13:31:26","date_gmt":"2022-06-30T13:31:26","guid":{"rendered":"http:\/\/valores.pt\/?page_id=21361"},"modified":"2022-06-30T14:45:08","modified_gmt":"2022-06-30T14:45:08","slug":"blog-valores","status":"publish","type":"page","link":"https:\/\/valores.pt\/pt-pt\/blog-valores\/","title":{"rendered":"Blog Valores"},"content":{"rendered":"\t\t<div data-elementor-type=\"wp-page\" data-elementor-id=\"21361\" class=\"elementor elementor-21361\">\n\t\t\t\t<div class=\"elementor-element elementor-element-aab74fa e-flex e-con-boxed e-con e-parent\" data-id=\"aab74fa\" data-element_type=\"container\">\n\t\t\t\t\t<div class=\"e-con-inner\">\n\t\t\t\t<div class=\"elementor-element elementor-element-70c4b48 elementor-widget elementor-widget-tp-blog-listout\" data-id=\"70c4b48\" data-element_type=\"widget\" data-widget_type=\"tp-blog-listout.default\">\n\t\t\t\t<div class=\"elementor-widget-container\">\n\t\t\t\t\t<div id=\"pt-plus-blog-post-list\" class=\"blog-list post69e1df6993bd6  list-isotope  blog-style-1 hover-image-style-1 \"  data-layout-type=\"fitRows\"   data-id=\"post69e1df6993bd6\" data-style=\"style-1\"  data-enable-isotope=\"1\"><div id=\"post69e1df6993bd6\" class=\"tp-row post-inner-loop post69e1df6993bd6 \"><div class=\"grid-item metro-item tp-col-lg-6 tp-col-md-6 tp-col-sm-6 tp-col-6 \"><article id=\"post-118\" class=\"post-118 post type-post status-publish format-standard has-post-thumbnail hentry category-vender-ouro tag-vender-ouro tag-voc\">\r\n\t<div class=\"blog-list-content\">\r\n\t\t\t\t<div class=\"post-content-image\">\r\n\t\t\t<a href=\"https:\/\/valores.pt\/pt-pt\/vantagens-voc-compra-opcao-compra\/\">\r\n\t\t\t\t<div class=\"blog-featured-image\">\r\n<span class=\"thumb-wrap\">\r\n\t<img fetchpriority=\"high\" decoding=\"async\" width=\"700\" height=\"700\" src=\"https:\/\/valores.pt\/wp-content\/uploads\/2022\/06\/voc24banner-700x700.jpg\" class=\"attachment-tp-image-grid size-tp-image-grid\" alt=\"\" \/><\/span>\r\n<\/div>\r\n\t\t\t<\/a>\r\n\t\t<\/div>\r\n\t\t\t\t<div class=\"post-content-bottom\">\r\n\t\t\t<h3 class=\"post-title\">\r\n\t<a href=\"https:\/\/valores.pt\/pt-pt\/vantagens-voc-compra-opcao-compra\/\">5 Vantagens do servi\u00e7o VOC &#8211; Venda com Op\u00e7\u00e3o de Compra<\/a>\r\n<\/h3>\r\n\t\t\t<div class=\"post-hover-content\">\r\n\t\t\t\t\t\t\t<\/div>\r\n\t\t<\/div>\r\n\t\t\t<\/div>\r\n<\/article>\r\n<\/div><div class=\"grid-item metro-item tp-col-lg-6 tp-col-md-6 tp-col-sm-6 tp-col-6 \"><article id=\"post-112\" class=\"post-112 post type-post status-publish format-standard has-post-thumbnail hentry category-vender-ouro category-comprar-ouro tag-valor-do-ouro\">\r\n\t<div class=\"blog-list-content\">\r\n\t\t\t\t<div class=\"post-content-image\">\r\n\t\t\t<a href=\"https:\/\/valores.pt\/pt-pt\/como-calculamos-valor-do-ouro\/\">\r\n\t\t\t\t<div class=\"blog-featured-image\">\r\n<span class=\"thumb-wrap\">\r\n\t<img decoding=\"async\" width=\"700\" height=\"628\" src=\"https:\/\/valores.pt\/wp-content\/uploads\/2021\/09\/artigo_2_B_1200x628-1-700x628.png\" class=\"attachment-tp-image-grid size-tp-image-grid\" alt=\"\" \/><\/span>\r\n<\/div>\r\n\t\t\t<\/a>\r\n\t\t<\/div>\r\n\t\t\t\t<div class=\"post-content-bottom\">\r\n\t\t\t<h3 class=\"post-title\">\r\n\t<a href=\"https:\/\/valores.pt\/pt-pt\/como-calculamos-valor-do-ouro\/\">Como \u00e9 calculado o valor do ouro?<\/a>\r\n<\/h3>\r\n\t\t\t<div class=\"post-hover-content\">\r\n\t\t\t\t\t\t\t<\/div>\r\n\t\t<\/div>\r\n\t\t\t<\/div>\r\n<\/article>\r\n<\/div><div class=\"grid-item metro-item tp-col-lg-6 tp-col-md-6 tp-col-sm-6 tp-col-6 \"><article id=\"post-125\" class=\"post-125 post type-post status-publish format-standard has-post-thumbnail hentry category-vender-ouro\">\r\n\t<div class=\"blog-list-content\">\r\n\t\t\t\t<div class=\"post-content-image\">\r\n\t\t\t<a href=\"https:\/\/valores.pt\/pt-pt\/transferencia-de-dinheiro-para-o-exterior-confianca-seguranca-e-comodidade\/\">\r\n\t\t\t\t<div class=\"blog-featured-image\">\r\n<span class=\"thumb-wrap\">\r\n\t<img decoding=\"async\" width=\"700\" height=\"636\" src=\"https:\/\/valores.pt\/wp-content\/uploads\/2022\/06\/WesternUnion-5-700x636.jpg\" class=\"attachment-tp-image-grid size-tp-image-grid\" alt=\"\" \/><\/span>\r\n<\/div>\r\n\t\t\t<\/a>\r\n\t\t<\/div>\r\n\t\t\t\t<div class=\"post-content-bottom\">\r\n\t\t\t<h3 class=\"post-title\">\r\n\t<a href=\"https:\/\/valores.pt\/pt-pt\/transferencia-de-dinheiro-para-o-exterior-confianca-seguranca-e-comodidade\/\">Transfer\u00eancia de dinheiro para o exterior: confian\u00e7a, seguran\u00e7a e comodidade<\/a>\r\n<\/h3>\r\n\t\t\t<div class=\"post-hover-content\">\r\n\t\t\t\t\t\t\t<\/div>\r\n\t\t<\/div>\r\n\t\t\t<\/div>\r\n<\/article>\r\n<\/div><div class=\"grid-item metro-item tp-col-lg-6 tp-col-md-6 tp-col-sm-6 tp-col-6 \"><article id=\"post-79\" class=\"post-79 post type-post status-publish format-standard has-post-thumbnail hentry category-valores tag-dania-neto\">\r\n\t<div class=\"blog-list-content\">\r\n\t\t\t\t<div class=\"post-content-image\">\r\n\t\t\t<a href=\"https:\/\/valores.pt\/pt-pt\/dania-neto-nova-cara-valores\/\">\r\n\t\t\t\t<div class=\"blog-featured-image\">\r\n<span class=\"thumb-wrap\">\r\n\t<img loading=\"lazy\" decoding=\"async\" width=\"700\" height=\"700\" src=\"https:\/\/valores.pt\/wp-content\/uploads\/2022\/06\/pf2020_VALORES_DaniaNeto-001A3-700x700.png\" class=\"attachment-tp-image-grid size-tp-image-grid\" alt=\"\" \/><\/span>\r\n<\/div>\r\n\t\t\t<\/a>\r\n\t\t<\/div>\r\n\t\t\t\t<div class=\"post-content-bottom\">\r\n\t\t\t<h3 class=\"post-title\">\r\n\t<a href=\"https:\/\/valores.pt\/pt-pt\/dania-neto-nova-cara-valores\/\">D\u00e2nia Neto \u00e9 a nova cara da Valores<\/a>\r\n<\/h3>\r\n\t\t\t<div class=\"post-hover-content\">\r\n\t\t\t\t\t\t\t<\/div>\r\n\t\t<\/div>\r\n\t\t\t<\/div>\r\n<\/article>\r\n<\/div><div class=\"grid-item metro-item tp-col-lg-6 tp-col-md-6 tp-col-sm-6 tp-col-6 \"><article id=\"post-106\" class=\"post-106 post type-post status-publish format-standard has-post-thumbnail hentry category-legislacao tag-legislacao tag-compra-e-venda-de-ouro-usado\">\r\n\t<div class=\"blog-list-content\">\r\n\t\t\t\t<div class=\"post-content-image\">\r\n\t\t\t<a href=\"https:\/\/valores.pt\/pt-pt\/compra-e-venda-de-ouro-usado-lei\/\">\r\n\t\t\t\t<div class=\"blog-featured-image\">\r\n<span class=\"thumb-wrap\">\r\n\t<img loading=\"lazy\" decoding=\"async\" width=\"700\" height=\"467\" src=\"https:\/\/valores.pt\/wp-content\/uploads\/2022\/02\/Federal-Contractor-Requirements-in-Recruiting.jpeg\" class=\"attachment-tp-image-grid size-tp-image-grid\" alt=\"\" \/><\/span>\r\n<\/div>\r\n\t\t\t<\/a>\r\n\t\t<\/div>\r\n\t\t\t\t<div class=\"post-content-bottom\">\r\n\t\t\t<h3 class=\"post-title\">\r\n\t<a href=\"https:\/\/valores.pt\/pt-pt\/compra-e-venda-de-ouro-usado-lei\/\">Compra e venda de ouro usado \u2013 o que diz a lei?<\/a>\r\n<\/h3>\r\n\t\t\t<div class=\"post-hover-content\">\r\n\t\t\t\t\t\t\t<\/div>\r\n\t\t<\/div>\r\n\t\t\t<\/div>\r\n<\/article>\r\n<\/div><div class=\"grid-item metro-item tp-col-lg-6 tp-col-md-6 tp-col-sm-6 tp-col-6 \"><article id=\"post-95\" class=\"post-95 post type-post status-publish format-standard has-post-thumbnail hentry category-vender-ouro category-comprar-ouro tag-preco-do-ouro\">\r\n\t<div class=\"blog-list-content\">\r\n\t\t\t\t<div class=\"post-content-image\">\r\n\t\t\t<a href=\"https:\/\/valores.pt\/pt-pt\/que-influencia-preco-do-ouro\/\">\r\n\t\t\t\t<div class=\"blog-featured-image\">\r\n<span class=\"thumb-wrap\">\r\n\t<img loading=\"lazy\" decoding=\"async\" width=\"700\" height=\"628\" src=\"https:\/\/valores.pt\/wp-content\/uploads\/2021\/09\/O-que-influencia-o-prcI\u00a7eo-do-ouro-700x628.png\" class=\"attachment-tp-image-grid size-tp-image-grid\" alt=\"\" \/><\/span>\r\n<\/div>\r\n\t\t\t<\/a>\r\n\t\t<\/div>\r\n\t\t\t\t<div class=\"post-content-bottom\">\r\n\t\t\t<h3 class=\"post-title\">\r\n\t<a href=\"https:\/\/valores.pt\/pt-pt\/que-influencia-preco-do-ouro\/\">O que influencia o pre\u00e7o do ouro?<\/a>\r\n<\/h3>\r\n\t\t\t<div class=\"post-hover-content\">\r\n\t\t\t\t\t\t\t<\/div>\r\n\t\t<\/div>\r\n\t\t\t<\/div>\r\n<\/article>\r\n<\/div><div class=\"grid-item metro-item tp-col-lg-6 tp-col-md-6 tp-col-sm-6 tp-col-6 \"><article id=\"post-283\" class=\"post-283 post type-post status-publish format-standard hentry category-vender-ouro\">\r\n\t<div class=\"blog-list-content\">\r\n\t\t\t\t<div class=\"post-content-image\">\r\n\t\t\t<a href=\"https:\/\/valores.pt\/pt-pt\/10-perguntas-e-respostas-sobre-a-venda-com-opcao-de-compra\/\">\r\n\t\t\t\t<div class=\"blog-featured-image\">\r\n<span class=\"thumb-wrap\">\r\n\t<img loading=\"lazy\" decoding=\"async\" width=\"600\" height=\"600\" loading=\"lazy\" data-src=\"https:\/\/valores.pt\/wp-content\/plugins\/the-plus-addons-for-elementor-page-builder\/assets\/images\/placeholder-grid.jpg\" src=\"https:\/\/valores.pt\/wp-content\/plugins\/the-plus-addons-for-elementor-page-builder\/assets\/images\/placeholder-grid.jpg\" class=\"tp-lazyload\" alt=\"10 perguntas e respostas sobre a Venda com Op\u00e7\u00e3o de Compra!\"><\/span>\r\n<\/div>\r\n\t\t\t<\/a>\r\n\t\t<\/div>\r\n\t\t\t\t<div class=\"post-content-bottom\">\r\n\t\t\t<h3 class=\"post-title\">\r\n\t<a href=\"https:\/\/valores.pt\/pt-pt\/10-perguntas-e-respostas-sobre-a-venda-com-opcao-de-compra\/\">10 perguntas e respostas sobre a Venda com Op\u00e7\u00e3o de Compra!<\/a>\r\n<\/h3>\r\n\t\t\t<div class=\"post-hover-content\">\r\n\t\t\t\t\t\t\t<\/div>\r\n\t\t<\/div>\r\n\t\t\t<\/div>\r\n<\/article>\r\n<\/div><div class=\"grid-item metro-item tp-col-lg-6 tp-col-md-6 tp-col-sm-6 tp-col-6 \"><article id=\"post-271\" class=\"post-271 post type-post status-publish format-standard hentry category-vender-ouro\">\r\n\t<div class=\"blog-list-content\">\r\n\t\t\t\t<div class=\"post-content-image\">\r\n\t\t\t<a href=\"https:\/\/valores.pt\/pt-pt\/tudo-o-que-precisa-de-saber-antes-de-comprar-pecas-em-ouro-usadas\/\">\r\n\t\t\t\t<div class=\"blog-featured-image\">\r\n<span class=\"thumb-wrap\">\r\n\t<img loading=\"lazy\" decoding=\"async\" width=\"600\" height=\"600\" loading=\"lazy\" data-src=\"https:\/\/valores.pt\/wp-content\/plugins\/the-plus-addons-for-elementor-page-builder\/assets\/images\/placeholder-grid.jpg\" src=\"https:\/\/valores.pt\/wp-content\/plugins\/the-plus-addons-for-elementor-page-builder\/assets\/images\/placeholder-grid.jpg\" class=\"tp-lazyload\" alt=\"Tudo o que precisa de saber antes de comprar pe\u00e7as em ouro usadas\"><\/span>\r\n<\/div>\r\n\t\t\t<\/a>\r\n\t\t<\/div>\r\n\t\t\t\t<div class=\"post-content-bottom\">\r\n\t\t\t<h3 class=\"post-title\">\r\n\t<a href=\"https:\/\/valores.pt\/pt-pt\/tudo-o-que-precisa-de-saber-antes-de-comprar-pecas-em-ouro-usadas\/\">Tudo o que precisa de saber antes de comprar pe\u00e7as em ouro usadas<\/a>\r\n<\/h3>\r\n\t\t\t<div class=\"post-hover-content\">\r\n\t\t\t\t\t\t\t<\/div>\r\n\t\t<\/div>\r\n\t\t\t<\/div>\r\n<\/article>\r\n<\/div><div class=\"grid-item metro-item tp-col-lg-6 tp-col-md-6 tp-col-sm-6 tp-col-6 \"><article id=\"post-264\" class=\"post-264 post type-post status-publish format-standard hentry category-vender-ouro\">\r\n\t<div class=\"blog-list-content\">\r\n\t\t\t\t<div class=\"post-content-image\">\r\n\t\t\t<a href=\"https:\/\/valores.pt\/pt-pt\/5-notas-do-ceo-da-valores-sobre-o-novo-record-da-cotacao-do-ouro\/\">\r\n\t\t\t\t<div class=\"blog-featured-image\">\r\n<span class=\"thumb-wrap\">\r\n\t<img loading=\"lazy\" decoding=\"async\" width=\"600\" height=\"600\" loading=\"lazy\" data-src=\"https:\/\/valores.pt\/wp-content\/plugins\/the-plus-addons-for-elementor-page-builder\/assets\/images\/placeholder-grid.jpg\" src=\"https:\/\/valores.pt\/wp-content\/plugins\/the-plus-addons-for-elementor-page-builder\/assets\/images\/placeholder-grid.jpg\" class=\"tp-lazyload\" alt=\"5 NOTAS DO CEO DA VALORES SOBRE O NOVO RECORD DA COTA\u00c7\u00c3O DO OURO\"><\/span>\r\n<\/div>\r\n\t\t\t<\/a>\r\n\t\t<\/div>\r\n\t\t\t\t<div class=\"post-content-bottom\">\r\n\t\t\t<h3 class=\"post-title\">\r\n\t<a href=\"https:\/\/valores.pt\/pt-pt\/5-notas-do-ceo-da-valores-sobre-o-novo-record-da-cotacao-do-ouro\/\">5 NOTAS DO CEO DA VALORES SOBRE O NOVO RECORD DA COTA\u00c7\u00c3O DO OURO<\/a>\r\n<\/h3>\r\n\t\t\t<div class=\"post-hover-content\">\r\n\t\t\t\t\t\t\t<\/div>\r\n\t\t<\/div>\r\n\t\t\t<\/div>\r\n<\/article>\r\n<\/div><div class=\"grid-item metro-item tp-col-lg-6 tp-col-md-6 tp-col-sm-6 tp-col-6 \"><article id=\"post-258\" class=\"post-258 post type-post status-publish format-standard hentry category-vender-ouro\">\r\n\t<div class=\"blog-list-content\">\r\n\t\t\t\t<div class=\"post-content-image\">\r\n\t\t\t<a href=\"https:\/\/valores.pt\/pt-pt\/transferencias-rapidas-de-dinheiro-a-distancia-de-uma-agencia-valores\/\">\r\n\t\t\t\t<div class=\"blog-featured-image\">\r\n<span class=\"thumb-wrap\">\r\n\t<img loading=\"lazy\" decoding=\"async\" width=\"600\" height=\"600\" loading=\"lazy\" data-src=\"https:\/\/valores.pt\/wp-content\/plugins\/the-plus-addons-for-elementor-page-builder\/assets\/images\/placeholder-grid.jpg\" src=\"https:\/\/valores.pt\/wp-content\/plugins\/the-plus-addons-for-elementor-page-builder\/assets\/images\/placeholder-grid.jpg\" class=\"tp-lazyload\" alt=\"Transfer\u00eancias r\u00e1pidas de dinheiro \u00e0 dist\u00e2ncia de uma ag\u00eancia Valores\"><\/span>\r\n<\/div>\r\n\t\t\t<\/a>\r\n\t\t<\/div>\r\n\t\t\t\t<div class=\"post-content-bottom\">\r\n\t\t\t<h3 class=\"post-title\">\r\n\t<a href=\"https:\/\/valores.pt\/pt-pt\/transferencias-rapidas-de-dinheiro-a-distancia-de-uma-agencia-valores\/\">Transfer\u00eancias r\u00e1pidas de dinheiro \u00e0 dist\u00e2ncia de uma ag\u00eancia Valores<\/a>\r\n<\/h3>\r\n\t\t\t<div class=\"post-hover-content\">\r\n\t\t\t\t\t\t\t<\/div>\r\n\t\t<\/div>\r\n\t\t\t<\/div>\r\n<\/article>\r\n<\/div><div class=\"grid-item metro-item tp-col-lg-6 tp-col-md-6 tp-col-sm-6 tp-col-6 \"><article id=\"post-253\" class=\"post-253 post type-post status-publish format-standard hentry category-vender-ouro\">\r\n\t<div class=\"blog-list-content\">\r\n\t\t\t\t<div class=\"post-content-image\">\r\n\t\t\t<a href=\"https:\/\/valores.pt\/pt-pt\/vender-com-opcao-de-compra-5-questoes-essenciais\/\">\r\n\t\t\t\t<div class=\"blog-featured-image\">\r\n<span class=\"thumb-wrap\">\r\n\t<img loading=\"lazy\" decoding=\"async\" width=\"600\" height=\"600\" loading=\"lazy\" data-src=\"https:\/\/valores.pt\/wp-content\/plugins\/the-plus-addons-for-elementor-page-builder\/assets\/images\/placeholder-grid.jpg\" src=\"https:\/\/valores.pt\/wp-content\/plugins\/the-plus-addons-for-elementor-page-builder\/assets\/images\/placeholder-grid.jpg\" class=\"tp-lazyload\" alt=\"Vender com op\u00e7\u00e3o de compra &#8211; 5 quest\u00f5es essenciais!\"><\/span>\r\n<\/div>\r\n\t\t\t<\/a>\r\n\t\t<\/div>\r\n\t\t\t\t<div class=\"post-content-bottom\">\r\n\t\t\t<h3 class=\"post-title\">\r\n\t<a href=\"https:\/\/valores.pt\/pt-pt\/vender-com-opcao-de-compra-5-questoes-essenciais\/\">Vender com op\u00e7\u00e3o de compra &#8211; 5 quest\u00f5es essenciais!<\/a>\r\n<\/h3>\r\n\t\t\t<div class=\"post-hover-content\">\r\n\t\t\t\t\t\t\t<\/div>\r\n\t\t<\/div>\r\n\t\t\t<\/div>\r\n<\/article>\r\n<\/div><div class=\"grid-item metro-item tp-col-lg-6 tp-col-md-6 tp-col-sm-6 tp-col-6 \"><article id=\"post-236\" class=\"post-236 post type-post status-publish format-standard hentry category-vender-ouro\">\r\n\t<div class=\"blog-list-content\">\r\n\t\t\t\t<div class=\"post-content-image\">\r\n\t\t\t<a href=\"https:\/\/valores.pt\/pt-pt\/o-ouro-e-uma-reserva-de-valor-o-ceo-da-valores-explica-porque\/\">\r\n\t\t\t\t<div class=\"blog-featured-image\">\r\n<span class=\"thumb-wrap\">\r\n\t<img loading=\"lazy\" decoding=\"async\" width=\"600\" height=\"600\" loading=\"lazy\" data-src=\"https:\/\/valores.pt\/wp-content\/plugins\/the-plus-addons-for-elementor-page-builder\/assets\/images\/placeholder-grid.jpg\" src=\"https:\/\/valores.pt\/wp-content\/plugins\/the-plus-addons-for-elementor-page-builder\/assets\/images\/placeholder-grid.jpg\" class=\"tp-lazyload\" alt=\"O ouro \u00e9 uma reserva de valor! O CEO da Valores explica porqu\u00ea.\"><\/span>\r\n<\/div>\r\n\t\t\t<\/a>\r\n\t\t<\/div>\r\n\t\t\t\t<div class=\"post-content-bottom\">\r\n\t\t\t<h3 class=\"post-title\">\r\n\t<a href=\"https:\/\/valores.pt\/pt-pt\/o-ouro-e-uma-reserva-de-valor-o-ceo-da-valores-explica-porque\/\">O ouro \u00e9 uma reserva de valor! O CEO da Valores explica porqu\u00ea.<\/a>\r\n<\/h3>\r\n\t\t\t<div class=\"post-hover-content\">\r\n\t\t\t\t\t\t\t<\/div>\r\n\t\t<\/div>\r\n\t\t\t<\/div>\r\n<\/article>\r\n<\/div><\/div><\/div>\t\t\t\t<\/div>\n\t\t\t\t<\/div>\n\t\t\t\t\t<\/div>\n\t\t\t\t<\/div>\n\t\t\t\t<\/div>\n\t\t","protected":false},"excerpt":{"rendered":"<p>Transfer\u00eancia de dinheiro para o exterior: confian\u00e7a, seguran\u00e7a e comodidade D\u00e2nia Neto \u00e9 a nova cara da Valores 10 perguntas e respostas sobre a Venda com Op\u00e7\u00e3o de Compra! Tudo o que precisa de saber antes de comprar pe\u00e7as em ouro usadas 5 NOTAS DO CEO DA VALORES SOBRE O NOVO RECORD DA COTA\u00c7\u00c3O DO [&hellip;]<\/p>\n","protected":false},"author":3,"featured_media":0,"parent":0,"menu_order":0,"comment_status":"closed","ping_status":"closed","template":"","meta":{"_acf_changed":false,"pgc_meta":"","_joinchat":[],"footnotes":""},"categories":[],"tags":[],"class_list":["post-21361","page","type-page","status-publish","hentry"],"acf":[],"pgc_meta":"","_links":{"self":[{"href":"https:\/\/valores.pt\/pt-pt\/wp-json\/wp\/v2\/pages\/21361","targetHints":{"allow":["GET"]}}],"collection":[{"href":"https:\/\/valores.pt\/pt-pt\/wp-json\/wp\/v2\/pages"}],"about":[{"href":"https:\/\/valores.pt\/pt-pt\/wp-json\/wp\/v2\/types\/page"}],"author":[{"embeddable":true,"href":"https:\/\/valores.pt\/pt-pt\/wp-json\/wp\/v2\/users\/3"}],"replies":[{"embeddable":true,"href":"https:\/\/valores.pt\/pt-pt\/wp-json\/wp\/v2\/comments?post=21361"}],"version-history":[{"count":0,"href":"https:\/\/valores.pt\/pt-pt\/wp-json\/wp\/v2\/pages\/21361\/revisions"}],"wp:attachment":[{"href":"https:\/\/valores.pt\/pt-pt\/wp-json\/wp\/v2\/media?parent=21361"}],"wp:term":[{"taxonomy":"category","embeddable":true,"href":"https:\/\/valores.pt\/pt-pt\/wp-json\/wp\/v2\/categories?post=21361"},{"taxonomy":"post_tag","embeddable":true,"href":"https:\/\/valores.pt\/pt-pt\/wp-json\/wp\/v2\/tags?post=21361"}],"curies":[{"name":"wp","href":"https:\/\/api.w.org\/{rel}","templated":true}]}}