{"id":20938,"date":"2022-06-29T11:16:39","date_gmt":"2022-06-29T11:16:39","guid":{"rendered":"http:\/\/valores.pt\/?page_id=20938"},"modified":"2022-06-29T13:22:34","modified_gmt":"2022-06-29T13:22:34","slug":"my-wu","status":"publish","type":"page","link":"https:\/\/valores.pt\/pt-pt\/my-wu\/","title":{"rendered":"My WU"},"content":{"rendered":"\t\t<div data-elementor-type=\"wp-page\" data-elementor-id=\"20938\" class=\"elementor elementor-20938\">\n\t\t\t\t<div class=\"elementor-element elementor-element-5c8c081 e-flex e-con-boxed e-con e-parent\" data-id=\"5c8c081\" data-element_type=\"container\">\n\t\t\t\t\t<div class=\"e-con-inner\">\n\t\t\t\t<div class=\"elementor-element elementor-element-9d88540 elementor-widget elementor-widget-heading\" data-id=\"9d88540\" data-element_type=\"widget\" data-widget_type=\"heading.default\">\n\t\t\t\t<div class=\"elementor-widget-container\">\n\t\t\t\t\t<h2 class=\"elementor-heading-title elementor-size-default\">Bem-vindo ao My WUsm<\/h2>\t\t\t\t<\/div>\n\t\t\t\t<\/div>\n\t\t\t\t\t<\/div>\n\t\t\t\t<\/div>\n\t\t<div class=\"elementor-element elementor-element-110220c e-flex e-con-boxed e-con e-parent\" data-id=\"110220c\" data-element_type=\"container\">\n\t\t\t\t\t<div class=\"e-con-inner\">\n\t\t\t\t<div class=\"elementor-element elementor-element-8eb7604 elementor-widget elementor-widget-text-editor\" data-id=\"8eb7604\" data-element_type=\"widget\" data-widget_type=\"text-editor.default\">\n\t\t\t\t<div class=\"elementor-widget-container\">\n\t\t\t\t\t\t\t\t\t<p>\u00a0<\/p><p class=\"cta__paragraph\">Desfrute de um universo de vantagens concebidas exclusivamente para si: Os nossos membros.<\/p><h3><strong>Como funciona<\/strong><\/h3><p>Ganhe pontos cada vez que fizer envios com o seu Gold Card. Para trocar pontos basta ligar para o Servi\u00e7o de Apoio ao Cliente do Cart\u00e3o Western Union Gold 00 800 2643 8750 (chamada gr\u00e1tis de redes fixas e telefones p\u00fablicos).<\/p>\t\t\t\t\t\t\t\t<\/div>\n\t\t\t\t<\/div>\n\t\t\t\t\t<\/div>\n\t\t\t\t<\/div>\n\t\t<div class=\"elementor-element elementor-element-8ae2b8e e-flex e-con-boxed e-con e-parent\" data-id=\"8ae2b8e\" data-element_type=\"container\">\n\t\t\t\t\t<div class=\"e-con-inner\">\n\t\t<div class=\"elementor-element elementor-element-2305704 e-con-full e-flex e-con e-child\" data-id=\"2305704\" data-element_type=\"container\">\n\t\t\t\t<div class=\"elementor-element elementor-element-4ba9a5b elementor-widget elementor-widget-text-editor\" data-id=\"4ba9a5b\" data-element_type=\"widget\" data-widget_type=\"text-editor.default\">\n\t\t\t\t<div class=\"elementor-widget-container\">\n\t\t\t\t\t\t\t\t\t<div class=\"step__stepheader-container\"><img decoding=\"async\" class=\"size-full wp-image-21065 alignright\" src=\"http:\/\/valores.pt\/wp-content\/uploads\/2022\/06\/Captura-de-ecra\u0303-2022-06-29-a\u0300s-12.25.47.png\" alt=\"\" width=\"107\" height=\"111\" \/><h3 class=\"step__stepheader\">Use o seu n\u00famero\u00a0 &#8211; My WU<\/h3><p>\u00a0<i><\/i><\/p><\/div><div class=\"step__paragraph\">Introduza o seu n\u00famero My WU em cada transfer\u00eancia de fundos Western Union.<\/div>\t\t\t\t\t\t\t\t<\/div>\n\t\t\t\t<\/div>\n\t\t\t\t<\/div>\n\t\t<div class=\"elementor-element elementor-element-51be91f e-con-full e-flex e-con e-child\" data-id=\"51be91f\" data-element_type=\"container\">\n\t\t\t\t<div class=\"elementor-element elementor-element-9683200 elementor-widget elementor-widget-text-editor\" data-id=\"9683200\" data-element_type=\"widget\" data-widget_type=\"text-editor.default\">\n\t\t\t\t<div class=\"elementor-widget-container\">\n\t\t\t\t\t\t\t\t\t<div class=\"step__stepheader-container\"><p><img decoding=\"async\" class=\"size-full wp-image-21063 alignright\" src=\"http:\/\/valores.pt\/wp-content\/uploads\/2022\/06\/Captura-de-ecra\u0303-2022-06-29-a\u0300s-12.25.57.png\" alt=\"\" width=\"98\" height=\"100\" \/><\/p><h3 class=\"step__stepheader\">Recolha os pontos &#8211; My WU<\/h3><p>\u00a0<i><\/i><\/p><\/div><div class=\"step__paragraph\">Os pontos My WU s\u00e3o adicionados \u00e0 sua conta automaticamente ap\u00f3s cada transfer\u00eancia qualificada. Ganhe 1 ponto por cada 1 EUR em taxa\u00b9 paga!<\/div>\t\t\t\t\t\t\t\t<\/div>\n\t\t\t\t<\/div>\n\t\t\t\t<\/div>\n\t\t<div class=\"elementor-element elementor-element-4484906 e-con-full e-flex e-con e-child\" data-id=\"4484906\" data-element_type=\"container\">\n\t\t\t\t<div class=\"elementor-element elementor-element-0f1602f elementor-widget elementor-widget-text-editor\" data-id=\"0f1602f\" data-element_type=\"widget\" data-widget_type=\"text-editor.default\">\n\t\t\t\t<div class=\"elementor-widget-container\">\n\t\t\t\t\t\t\t\t\t<div class=\"step__stepheader-container\"><p><img decoding=\"async\" class=\"size-full wp-image-21061 alignright\" src=\"http:\/\/valores.pt\/wp-content\/uploads\/2022\/06\/Captura-de-ecra\u0303-2022-06-29-a\u0300s-12.26.03.png\" alt=\"\" width=\"118\" height=\"101\" \/><\/p><h3 class=\"step__stepheader\">Recompense-se<\/h3><p>\u00a0<i><\/i><\/p><\/div><div>\u00a0<\/div><div class=\"step__paragraph\">Troque os seus pontos por recompensas e ofertas de descontos em marcas selecionadas com apenas alguns cliques.<\/div>\t\t\t\t\t\t\t\t<\/div>\n\t\t\t\t<\/div>\n\t\t\t\t<\/div>\n\t\t\t\t\t<\/div>\n\t\t\t\t<\/div>\n\t\t<div class=\"elementor-element elementor-element-572cbb9 e-flex e-con-boxed e-con e-parent\" data-id=\"572cbb9\" data-element_type=\"container\">\n\t\t\t\t\t<div class=\"e-con-inner\">\n\t\t\t\t<div class=\"elementor-element elementor-element-ed82407 elementor-widget elementor-widget-text-editor\" data-id=\"ed82407\" data-element_type=\"widget\" data-widget_type=\"text-editor.default\">\n\t\t\t\t<div class=\"elementor-widget-container\">\n\t\t\t\t\t\t\t\t\t<h2>Descontos<\/h2><table width=\"177\"><tbody><tr><td style=\"width: 74.0167px;\"><span style=\"font-size: 12pt;\"><strong>Pontos<\/strong><\/span><\/td><td style=\"width: 86.9833px;\"><span style=\"font-size: 12pt;\"><strong>Desconto<\/strong><\/span><\/td><\/tr><tr><td style=\"width: 74.0167px;\"><span style=\"font-size: 12pt;\">30<\/span><\/td><td style=\"width: 86.9833px;\"><span style=\"font-size: 12pt;\">3,00EUR<\/span><\/td><\/tr><tr><td style=\"width: 74.0167px;\"><span style=\"font-size: 12pt;\">40<\/span><\/td><td style=\"width: 86.9833px;\"><span style=\"font-size: 12pt;\">5,00EUR<\/span><\/td><\/tr><tr><td style=\"width: 74.0167px;\"><span style=\"font-size: 12pt;\">50<\/span><\/td><td style=\"width: 86.9833px;\"><span style=\"font-size: 12pt;\">6,50EUR<\/span><\/td><\/tr><tr><td style=\"width: 74.0167px;\"><span style=\"font-size: 12pt;\">60<\/span><\/td><td style=\"width: 86.9833px;\"><span style=\"font-size: 12pt;\">8,00EUR<\/span><\/td><\/tr><tr><td style=\"width: 74.0167px;\"><span style=\"font-size: 12pt;\">70<\/span><\/td><td style=\"width: 86.9833px;\"><span style=\"font-size: 12pt;\">10,00EUR<\/span><\/td><\/tr><\/tbody><\/table>\t\t\t\t\t\t\t\t<\/div>\n\t\t\t\t<\/div>\n\t\t\t\t\t<\/div>\n\t\t\t\t<\/div>\n\t\t<div class=\"elementor-element elementor-element-c6712a2 e-flex e-con-boxed e-con e-parent\" data-id=\"c6712a2\" data-element_type=\"container\">\n\t\t\t\t\t<div class=\"e-con-inner\">\n\t\t\t\t<div class=\"elementor-element elementor-element-15a73cc elementor-widget elementor-widget-text-editor\" data-id=\"15a73cc\" data-element_type=\"widget\" data-widget_type=\"text-editor.default\">\n\t\t\t\t<div class=\"elementor-widget-container\">\n\t\t\t\t\t\t\t\t\t<h2>Precisa de mais informa\u00e7\u00f5es ou ajuda?<\/h2><p><span style=\"font-size: 12pt;\"><a href=\"\/contactos\">Contacte-nos<\/a> ou visite o portal da <a href=\"https:\/\/www.westernunion.com\/mywu\/pt\/latest-news?lang=pt\">Western Union<\/a>.<\/span><\/p>\t\t\t\t\t\t\t\t<\/div>\n\t\t\t\t<\/div>\n\t\t\t\t\t<\/div>\n\t\t\t\t<\/div>\n\t\t\t\t<\/div>\n\t\t","protected":false},"excerpt":{"rendered":"<p>Bem-vindo ao My WUsm Desfrute de um universo de vantagens concebidas exclusivamente para si: Os nossos membros. Como funciona Ganhe pontos cada vez que fizer envios com o seu Gold Card. Para trocar pontos basta ligar para o Servi\u00e7o de Apoio ao Cliente do Cart\u00e3o Western Union Gold 00 800 2643 8750 (chamada gr\u00e1tis de [&hellip;]<\/p>\n","protected":false},"author":3,"featured_media":0,"parent":0,"menu_order":0,"comment_status":"closed","ping_status":"closed","template":"elementor_header_footer","meta":{"_acf_changed":false,"pgc_meta":"","_joinchat":[],"footnotes":""},"categories":[],"tags":[],"class_list":["post-20938","page","type-page","status-publish","hentry"],"acf":[],"pgc_meta":"","_links":{"self":[{"href":"https:\/\/valores.pt\/pt-pt\/wp-json\/wp\/v2\/pages\/20938","targetHints":{"allow":["GET"]}}],"collection":[{"href":"https:\/\/valores.pt\/pt-pt\/wp-json\/wp\/v2\/pages"}],"about":[{"href":"https:\/\/valores.pt\/pt-pt\/wp-json\/wp\/v2\/types\/page"}],"author":[{"embeddable":true,"href":"https:\/\/valores.pt\/pt-pt\/wp-json\/wp\/v2\/users\/3"}],"replies":[{"embeddable":true,"href":"https:\/\/valores.pt\/pt-pt\/wp-json\/wp\/v2\/comments?post=20938"}],"version-history":[{"count":0,"href":"https:\/\/valores.pt\/pt-pt\/wp-json\/wp\/v2\/pages\/20938\/revisions"}],"wp:attachment":[{"href":"https:\/\/valores.pt\/pt-pt\/wp-json\/wp\/v2\/media?parent=20938"}],"wp:term":[{"taxonomy":"category","embeddable":true,"href":"https:\/\/valores.pt\/pt-pt\/wp-json\/wp\/v2\/categories?post=20938"},{"taxonomy":"post_tag","embeddable":true,"href":"https:\/\/valores.pt\/pt-pt\/wp-json\/wp\/v2\/tags?post=20938"}],"curies":[{"name":"wp","href":"https:\/\/api.w.org\/{rel}","templated":true}]}}