{"id":20565,"date":"2022-06-27T12:59:30","date_gmt":"2022-06-27T12:59:30","guid":{"rendered":"http:\/\/valores.pt\/?page_id=20565"},"modified":"2022-06-27T13:03:57","modified_gmt":"2022-06-27T13:03:57","slug":"westernunion","status":"publish","type":"page","link":"https:\/\/valores.pt\/pt-pt\/westernunion\/","title":{"rendered":"Western Union"},"content":{"rendered":"\t\t<div data-elementor-type=\"wp-page\" data-elementor-id=\"20565\" class=\"elementor elementor-20565\">\n\t\t\t\t<div class=\"elementor-element elementor-element-dfb6ef5 e-flex e-con-boxed e-con e-parent\" data-id=\"dfb6ef5\" data-element_type=\"container\">\n\t\t\t\t\t<div class=\"e-con-inner\">\n\t\t\t\t<div class=\"elementor-element elementor-element-ad9a4fa elementor-widget elementor-widget-text-editor\" data-id=\"ad9a4fa\" data-element_type=\"widget\" data-widget_type=\"text-editor.default\">\n\t\t\t\t<div class=\"elementor-widget-container\">\n\t\t\t\t\t\t\t\t\t<p><img fetchpriority=\"high\" decoding=\"async\" class=\"alignleft wp-image-20190 size-medium\" src=\"http:\/\/valores.pt\/wp-content\/uploads\/2022\/06\/WesternUnion-5-300x212.jpg\" alt=\"\" width=\"300\" height=\"212\" \/><\/p><p>A\u00a0Western Union tem uma rede de mais de 525.000 agentes, presentes em quase todos os pa\u00edses e territ\u00f3rios do mundo, proporcionando-lhe total flexibilidade e comodidade. As 46 ag\u00eancias Valores fazem parte dessa rede de agentes e connosco nunca estar\u00e1 longe de uma transfer\u00eancia de dinheiro f\u00e1cil, r\u00e1pida e de confian\u00e7a.<\/p><h3>\u00a0<\/h3><h3><span style=\"font-size: 1.75rem; text-align: var(--text-align);\">\u00a0<\/span><\/h3><h3><span style=\"font-size: 1.75rem; text-align: var(--text-align);\">Uma forma r\u00e1pida e confi\u00e1vel de enviar dinheiro para mais de 200 pa\u00edses.<\/span><\/h3><ul><li>Em minutos (1)<\/li><li>At\u00e9 5.500EUR *<\/li><li>525.000 agentes em mais de 200 pa\u00edses e territ\u00f3rios<\/li><li>F\u00e1cil, r\u00e1pido e de confian\u00e7a<\/li><\/ul><p>* Alguns pa\u00edses de destino definem limites mais baixos<\/p><h3>Como funciona<\/h3><ol><li>Dirija-se a uma\u00a0<a href=\"https:\/\/valores.pt\/agencias\">ag\u00eancia Valores<\/a>. Leve consigo:<ul><li>O valor da transfer\u00eancia e do custo do servi\u00e7o;<\/li><li>O seu documento de identifica\u00e7\u00e3o;<\/li><li>O nome da pessoa para quem vai enviar dinheiro. Caso pretenda enviar o dinheiro diretamente para uma conta banc\u00e1ria \u00e9 tamb\u00e9m necess\u00e1rio os dados da conta de destino.<\/li><\/ul><\/li><li>Envie at\u00e9 5.500 \u20ac (alguns pa\u00edses de destino definem limites mais baixos).<\/li><li>Guarde o comprovativo com o n\u00famero da transfer\u00eancia (MTCN).<\/li><li>Indique o valor e o n\u00famero da transfer\u00eancia (MTCN) a quem a vai receber. O dinheiro fica dispon\u00edvel em poucos minutos (1).<\/li><\/ol><p>(1) Poder\u00e1 verificar-se demora na entrega dos fundos ou indisponibilidade dos servi\u00e7os devido a determinadas condi\u00e7\u00f5es das transa\u00e7\u00f5es, incluindo o montante enviado, pa\u00eds de destino, disponibilidade de divisas, problemas regulamentares, obriga\u00e7\u00f5es de identifica\u00e7\u00e3o, hor\u00e1rio do agente local, diferen\u00e7as de\u00a0fusos hor\u00e1rios, ou escolha de op\u00e7\u00f5es de diferimento do servi\u00e7o. Poder\u00e3o ser aplic\u00e1veis limites adicionais. Consulte os termos e condi\u00e7\u00f5es para mais detalhes.<\/p><p><a href=\"https:\/\/valores.pt\/contactos\">Contacte-nos<\/a><\/p>\t\t\t\t\t\t\t\t<\/div>\n\t\t\t\t<\/div>\n\t\t\t\t\t<\/div>\n\t\t\t\t<\/div>\n\t\t\t\t<\/div>\n\t\t","protected":false},"excerpt":{"rendered":"<p>A\u00a0Western Union tem uma rede de mais de 525.000 agentes, presentes em quase todos os pa\u00edses e territ\u00f3rios do mundo, proporcionando-lhe total flexibilidade e comodidade. As 46 ag\u00eancias Valores fazem parte dessa rede de agentes e connosco nunca estar\u00e1 longe de uma transfer\u00eancia de dinheiro f\u00e1cil, r\u00e1pida e de confian\u00e7a. \u00a0 \u00a0 Uma forma r\u00e1pida [&hellip;]<\/p>\n","protected":false},"author":3,"featured_media":0,"parent":0,"menu_order":0,"comment_status":"closed","ping_status":"closed","template":"elementor_header_footer","meta":{"_acf_changed":false,"pgc_meta":"","_joinchat":[],"footnotes":""},"categories":[],"tags":[],"class_list":["post-20565","page","type-page","status-publish","hentry"],"acf":[],"pgc_meta":"","_links":{"self":[{"href":"https:\/\/valores.pt\/pt-pt\/wp-json\/wp\/v2\/pages\/20565","targetHints":{"allow":["GET"]}}],"collection":[{"href":"https:\/\/valores.pt\/pt-pt\/wp-json\/wp\/v2\/pages"}],"about":[{"href":"https:\/\/valores.pt\/pt-pt\/wp-json\/wp\/v2\/types\/page"}],"author":[{"embeddable":true,"href":"https:\/\/valores.pt\/pt-pt\/wp-json\/wp\/v2\/users\/3"}],"replies":[{"embeddable":true,"href":"https:\/\/valores.pt\/pt-pt\/wp-json\/wp\/v2\/comments?post=20565"}],"version-history":[{"count":0,"href":"https:\/\/valores.pt\/pt-pt\/wp-json\/wp\/v2\/pages\/20565\/revisions"}],"wp:attachment":[{"href":"https:\/\/valores.pt\/pt-pt\/wp-json\/wp\/v2\/media?parent=20565"}],"wp:term":[{"taxonomy":"category","embeddable":true,"href":"https:\/\/valores.pt\/pt-pt\/wp-json\/wp\/v2\/categories?post=20565"},{"taxonomy":"post_tag","embeddable":true,"href":"https:\/\/valores.pt\/pt-pt\/wp-json\/wp\/v2\/tags?post=20565"}],"curies":[{"name":"wp","href":"https:\/\/api.w.org\/{rel}","templated":true}]}}