{"id":20283,"date":"2022-06-20T14:44:27","date_gmt":"2022-06-20T14:44:27","guid":{"rendered":"http:\/\/valores.pt\/?page_id=20283"},"modified":"2023-02-20T11:33:59","modified_gmt":"2023-02-20T11:33:59","slug":"cotacoes-diarias","status":"publish","type":"page","link":"https:\/\/valores.pt\/pt-pt\/cotacoes-diarias\/","title":{"rendered":"Cota\u00e7\u00f5es Di\u00e1rias"},"content":{"rendered":"<p align=\"center\"><iframe style=\"border: none;\" src=\"https:\/\/valores.pt\/cotacoesdiarias\/lbma-daily-quotes.php\" width=\"1024\" height=\"600\"><\/iframe><\/p>\n","protected":false},"excerpt":{"rendered":"","protected":false},"author":3,"featured_media":0,"parent":0,"menu_order":0,"comment_status":"closed","ping_status":"closed","template":"elementor_header_footer","meta":{"_acf_changed":false,"pgc_meta":"","_joinchat":[],"footnotes":""},"categories":[],"tags":[],"class_list":["post-20283","page","type-page","status-publish","hentry"],"acf":[],"pgc_meta":"","_links":{"self":[{"href":"https:\/\/valores.pt\/pt-pt\/wp-json\/wp\/v2\/pages\/20283","targetHints":{"allow":["GET"]}}],"collection":[{"href":"https:\/\/valores.pt\/pt-pt\/wp-json\/wp\/v2\/pages"}],"about":[{"href":"https:\/\/valores.pt\/pt-pt\/wp-json\/wp\/v2\/types\/page"}],"author":[{"embeddable":true,"href":"https:\/\/valores.pt\/pt-pt\/wp-json\/wp\/v2\/users\/3"}],"replies":[{"embeddable":true,"href":"https:\/\/valores.pt\/pt-pt\/wp-json\/wp\/v2\/comments?post=20283"}],"version-history":[{"count":11,"href":"https:\/\/valores.pt\/pt-pt\/wp-json\/wp\/v2\/pages\/20283\/revisions"}],"predecessor-version":[{"id":22841,"href":"https:\/\/valores.pt\/pt-pt\/wp-json\/wp\/v2\/pages\/20283\/revisions\/22841"}],"wp:attachment":[{"href":"https:\/\/valores.pt\/pt-pt\/wp-json\/wp\/v2\/media?parent=20283"}],"wp:term":[{"taxonomy":"category","embeddable":true,"href":"https:\/\/valores.pt\/pt-pt\/wp-json\/wp\/v2\/categories?post=20283"},{"taxonomy":"post_tag","embeddable":true,"href":"https:\/\/valores.pt\/pt-pt\/wp-json\/wp\/v2\/tags?post=20283"}],"curies":[{"name":"wp","href":"https:\/\/api.w.org\/{rel}","templated":true}]}}