{"id":20271,"date":"2022-06-20T11:07:55","date_gmt":"2022-06-20T11:07:55","guid":{"rendered":"http:\/\/valores.pt\/?page_id=20271"},"modified":"2022-06-20T13:00:58","modified_gmt":"2022-06-20T13:00:58","slug":"valores-delivery","status":"publish","type":"page","link":"https:\/\/valores.pt\/pt-pt\/valores-delivery\/","title":{"rendered":"Valores Delivery"},"content":{"rendered":"\t\t<div data-elementor-type=\"wp-page\" data-elementor-id=\"20271\" class=\"elementor elementor-20271\">\n\t\t\t\t<div class=\"elementor-element elementor-element-32a4fa5 e-flex e-con-boxed e-con e-parent\" data-id=\"32a4fa5\" data-element_type=\"container\">\n\t\t\t\t\t<div class=\"e-con-inner\">\n\t\t<div class=\"elementor-element elementor-element-d3b1b6a e-con-full e-flex e-con e-child\" data-id=\"d3b1b6a\" data-element_type=\"container\">\n\t\t\t\t<div class=\"elementor-element elementor-element-d04ae4e elementor-widget elementor-widget-text-editor\" data-id=\"d04ae4e\" data-element_type=\"widget\" data-widget_type=\"text-editor.default\">\n\t\t\t\t<div class=\"elementor-widget-container\">\n\t\t\t\t\t\t\t\t\t<h3>Valores Delivery<\/h3><p>Em virtude da pandemia de COVID-19 que estamos a atravessar, e a pensar na seguran\u00e7a e comodidade dos nossos clientes, a Valores decidiu implementar um servi\u00e7o de compra e venda de ouro e prata \u00e0 dist\u00e2ncia \u2013 o Valores Delivery.<\/p><p>Deste modo, \u00e9 poss\u00edvel vender artigos em ouro ou prata, sem sair de casa. N\u00f3s solicitamos a uma transportadora que v\u00e1 a casa dos clientes recolher os artigos e os entregue nas nossas instala\u00e7\u00f5es.<\/p><p>Ap\u00f3s rececionarmos a encomenda, os artigos s\u00e3o analisados e pesados e ligamos com o cliente a efetuar uma proposta de compra. Por uma quest\u00e3o de transpar\u00eancia e seriedade, todo este processo \u00e9 efetuado em frente a uma c\u00e2mara de videovigil\u00e2ncia.<\/p>\t\t\t\t\t\t\t\t<\/div>\n\t\t\t\t<\/div>\n\t\t\t\t<\/div>\n\t\t<div class=\"elementor-element elementor-element-744a652 e-con-full e-flex e-con e-child\" data-id=\"744a652\" data-element_type=\"container\">\n\t\t\t\t<div class=\"elementor-element elementor-element-8162db0 elementor-widget elementor-widget-image\" data-id=\"8162db0\" data-element_type=\"widget\" data-widget_type=\"image.default\">\n\t\t\t\t<div class=\"elementor-widget-container\">\n\t\t\t\t\t\t\t\t\t\t\t\t\t\t\t<img fetchpriority=\"high\" decoding=\"async\" width=\"1024\" height=\"680\" src=\"https:\/\/valores.pt\/wp-content\/uploads\/2022\/06\/correos-express-1024x680.jpeg\" class=\"attachment-large size-large wp-image-20274\" alt=\"\" \/>\t\t\t\t\t\t\t\t\t\t\t\t\t\t\t<\/div>\n\t\t\t\t<\/div>\n\t\t\t\t<\/div>\n\t\t\t\t\t<\/div>\n\t\t\t\t<\/div>\n\t\t<div class=\"elementor-element elementor-element-d555b3a e-flex e-con-boxed e-con e-parent\" data-id=\"d555b3a\" data-element_type=\"container\">\n\t\t\t\t\t<div class=\"e-con-inner\">\n\t\t\t\t<div class=\"elementor-element elementor-element-b50d991 elementor-widget elementor-widget-text-editor\" data-id=\"b50d991\" data-element_type=\"widget\" data-widget_type=\"text-editor.default\">\n\t\t\t\t<div class=\"elementor-widget-container\">\n\t\t\t\t\t\t\t\t\t<p>\u00a0<\/p><p><strong>Este servi\u00e7o funciona nos seguintes moldes:<\/strong><\/p><ul><li>O cliente tem de nos enviar um email para\u00a0<span id=\"cloak3a0fe9a95d8b1b55af789bd12c44a701\"><a href=\"mailto:info@valores.pt\">info@valores.pt<\/a><\/span>, com os seguintes elementos:<ul><li>Uma listagem detalhada de todos os artigos que nos pretende enviar;<\/li><li>A morada completa onde pretende que a recolha seja efetuada;<\/li><li>A sua morada de resid\u00eancia completa, caso seja diferente da morada de recolha;<\/li><li>Nome completo;<\/li><li>NIF;<\/li><li>N\u00famero e data de expira\u00e7\u00e3o do cart\u00e3o de cidad\u00e3o;<\/li><li>Comprovativo de IBAN;<\/li><li>Digitaliza\u00e7\u00e3o ou fotografia do cart\u00e3o de cidad\u00e3o (nos termos da legisla\u00e7\u00e3o em vigor, n\u00e3o nos \u00e9 permitido guardar c\u00f3pia do cart\u00e3o cidad\u00e3o; contudo, somos tamb\u00e9m obrigados por lei a identificar os clientes; assim, vamos utilizar a digitaliza\u00e7\u00e3o do cart\u00e3o de cidad\u00e3o para confirmar a identidade do cliente e, ap\u00f3s isso, destruir esse ficheiro).<\/li><\/ul><\/li><li>N\u00f3s solicitamos \u00e0 transportadora que trabalha connosco \u2013 a Correos Express \u2013 para fazer a recolha na morada que o cliente nos indicar.<\/li><li>Abrimos a encomenda em frente a uma c\u00e2mara de videovigil\u00e2ncia.<\/li><li>Analisamos os artigos e ligamos com o cliente a apresentar a nossa proposta de compra.<\/li><li>Se o cliente aceitar, procedemos \u00e0 elabora\u00e7\u00e3o da declara\u00e7\u00e3o de venda e enviamos para o email do cliente. O cliente tem de assinar, digitalizar e enviar o documento por email. Se n\u00e3o aceitar, devolvemos os artigos ao cliente para a morada de origem.<\/li><li>Ap\u00f3s recebermos a declara\u00e7\u00e3o de venda digitalizada por email, procedemos ao pagamento por transfer\u00eancia banc\u00e1ria;<\/li><li>O cliente tem depois de nos devolver o original da declara\u00e7\u00e3o de venda por correio.<\/li><\/ul>\t\t\t\t\t\t\t\t<\/div>\n\t\t\t\t<\/div>\n\t\t\t\t\t<\/div>\n\t\t\t\t<\/div>\n\t\t\t\t<\/div>\n\t\t","protected":false},"excerpt":{"rendered":"<p>Valores Delivery Em virtude da pandemia de COVID-19 que estamos a atravessar, e a pensar na seguran\u00e7a e comodidade dos nossos clientes, a Valores decidiu implementar um servi\u00e7o de compra e venda de ouro e prata \u00e0 dist\u00e2ncia \u2013 o Valores Delivery. Deste modo, \u00e9 poss\u00edvel vender artigos em ouro ou prata, sem sair de [&hellip;]<\/p>\n","protected":false},"author":3,"featured_media":0,"parent":0,"menu_order":0,"comment_status":"closed","ping_status":"closed","template":"elementor_header_footer","meta":{"_acf_changed":false,"pgc_meta":"","_joinchat":[],"footnotes":""},"categories":[],"tags":[],"class_list":["post-20271","page","type-page","status-publish","hentry"],"acf":[],"pgc_meta":"","_links":{"self":[{"href":"https:\/\/valores.pt\/pt-pt\/wp-json\/wp\/v2\/pages\/20271","targetHints":{"allow":["GET"]}}],"collection":[{"href":"https:\/\/valores.pt\/pt-pt\/wp-json\/wp\/v2\/pages"}],"about":[{"href":"https:\/\/valores.pt\/pt-pt\/wp-json\/wp\/v2\/types\/page"}],"author":[{"embeddable":true,"href":"https:\/\/valores.pt\/pt-pt\/wp-json\/wp\/v2\/users\/3"}],"replies":[{"embeddable":true,"href":"https:\/\/valores.pt\/pt-pt\/wp-json\/wp\/v2\/comments?post=20271"}],"version-history":[{"count":0,"href":"https:\/\/valores.pt\/pt-pt\/wp-json\/wp\/v2\/pages\/20271\/revisions"}],"wp:attachment":[{"href":"https:\/\/valores.pt\/pt-pt\/wp-json\/wp\/v2\/media?parent=20271"}],"wp:term":[{"taxonomy":"category","embeddable":true,"href":"https:\/\/valores.pt\/pt-pt\/wp-json\/wp\/v2\/categories?post=20271"},{"taxonomy":"post_tag","embeddable":true,"href":"https:\/\/valores.pt\/pt-pt\/wp-json\/wp\/v2\/tags?post=20271"}],"curies":[{"name":"wp","href":"https:\/\/api.w.org\/{rel}","templated":true}]}}