{"id":20216,"date":"2022-06-20T09:43:27","date_gmt":"2022-06-20T09:43:27","guid":{"rendered":"http:\/\/valores.pt\/?page_id=20216"},"modified":"2022-06-20T09:48:26","modified_gmt":"2022-06-20T09:48:26","slug":"ver-nova-imagem","status":"publish","type":"page","link":"https:\/\/valores.pt\/pt-pt\/ver-nova-imagem\/","title":{"rendered":"Conhe\u00e7a a nova imagem"},"content":{"rendered":"\t\t<div data-elementor-type=\"wp-page\" data-elementor-id=\"20216\" class=\"elementor elementor-20216\">\n\t\t\t\t<div class=\"elementor-element elementor-element-3f86ad5 e-flex e-con-boxed e-con e-parent\" data-id=\"3f86ad5\" data-element_type=\"container\">\n\t\t\t\t\t<div class=\"e-con-inner\">\n\t\t<div class=\"elementor-element elementor-element-484884b e-con-full e-flex e-con e-child\" data-id=\"484884b\" data-element_type=\"container\">\n\t\t\t\t<div class=\"elementor-element elementor-element-dc0aa35 elementor-widget elementor-widget-text-editor\" data-id=\"dc0aa35\" data-element_type=\"widget\" data-widget_type=\"text-editor.default\">\n\t\t\t\t<div class=\"elementor-widget-container\">\n\t\t\t\t\t\t\t\t\t<h3>A nossa imagem mudou<\/h3><p>\u00a0<\/p><p>Na sequ\u00eancia de uma estrat\u00e9gia de refor\u00e7o da sua imagem de modernidade, proximidade e confian\u00e7a, a Valores mudou a sua imagem.<br \/><br \/>Este processo de mudan\u00e7a de imagem estava j\u00e1 a ser preparado desde o in\u00edcio deste ano, enquadrado no processo de redefini\u00e7\u00e3o da estrat\u00e9gia da empresa. A nova imagem agora adoptada nas ag\u00eancias tem uns cartazes que s\u00e3o colocados na montra, com informa\u00e7\u00f5es relevantes sobre os nossos servi\u00e7os. Estes cartazes ser\u00e3o alterados com regularidade, de forma a informar todos os clientes dos servi\u00e7os e novidades que dispomos.<\/p><p>Para breve est\u00e1 tamb\u00e9m a apresenta\u00e7\u00e3o do novo rosto da marca para os pr\u00f3ximos anos. Fique atento!<\/p>\t\t\t\t\t\t\t\t<\/div>\n\t\t\t\t<\/div>\n\t\t\t\t<\/div>\n\t\t<div class=\"elementor-element elementor-element-8a7887f e-con-full e-flex e-con e-child\" data-id=\"8a7887f\" data-element_type=\"container\">\n\t\t\t\t<div class=\"elementor-element elementor-element-59a3171 elementor-widget elementor-widget-spacer\" data-id=\"59a3171\" data-element_type=\"widget\" data-widget_type=\"spacer.default\">\n\t\t\t\t<div class=\"elementor-widget-container\">\n\t\t\t\t\t\t\t<div class=\"elementor-spacer\">\n\t\t\t<div class=\"elementor-spacer-inner\"><\/div>\n\t\t<\/div>\n\t\t\t\t\t\t<\/div>\n\t\t\t\t<\/div>\n\t\t\t\t<div class=\"elementor-element elementor-element-867c49d elementor-widget elementor-widget-image\" data-id=\"867c49d\" data-element_type=\"widget\" data-widget_type=\"image.default\">\n\t\t\t\t<div class=\"elementor-widget-container\">\n\t\t\t\t\t\t\t\t\t\t\t\t\t\t\t<img fetchpriority=\"high\" decoding=\"async\" width=\"469\" height=\"320\" src=\"https:\/\/valores.pt\/wp-content\/uploads\/2022\/06\/ImgMudancaLinda.jpeg\" class=\"attachment-large size-large wp-image-20218\" alt=\"\" \/>\t\t\t\t\t\t\t\t\t\t\t\t\t\t\t<\/div>\n\t\t\t\t<\/div>\n\t\t\t\t<\/div>\n\t\t\t\t\t<\/div>\n\t\t\t\t<\/div>\n\t\t\t\t<\/div>\n\t\t","protected":false},"excerpt":{"rendered":"<p>A nossa imagem mudou \u00a0 Na sequ\u00eancia de uma estrat\u00e9gia de refor\u00e7o da sua imagem de modernidade, proximidade e confian\u00e7a, a Valores mudou a sua imagem. Este processo de mudan\u00e7a de imagem estava j\u00e1 a ser preparado desde o in\u00edcio deste ano, enquadrado no processo de redefini\u00e7\u00e3o da estrat\u00e9gia da empresa. A nova imagem agora [&hellip;]<\/p>\n","protected":false},"author":3,"featured_media":0,"parent":0,"menu_order":0,"comment_status":"closed","ping_status":"closed","template":"elementor_header_footer","meta":{"_acf_changed":false,"pgc_meta":"","_joinchat":[],"footnotes":""},"categories":[],"tags":[],"class_list":["post-20216","page","type-page","status-publish","hentry"],"acf":[],"pgc_meta":"","_links":{"self":[{"href":"https:\/\/valores.pt\/pt-pt\/wp-json\/wp\/v2\/pages\/20216","targetHints":{"allow":["GET"]}}],"collection":[{"href":"https:\/\/valores.pt\/pt-pt\/wp-json\/wp\/v2\/pages"}],"about":[{"href":"https:\/\/valores.pt\/pt-pt\/wp-json\/wp\/v2\/types\/page"}],"author":[{"embeddable":true,"href":"https:\/\/valores.pt\/pt-pt\/wp-json\/wp\/v2\/users\/3"}],"replies":[{"embeddable":true,"href":"https:\/\/valores.pt\/pt-pt\/wp-json\/wp\/v2\/comments?post=20216"}],"version-history":[{"count":0,"href":"https:\/\/valores.pt\/pt-pt\/wp-json\/wp\/v2\/pages\/20216\/revisions"}],"wp:attachment":[{"href":"https:\/\/valores.pt\/pt-pt\/wp-json\/wp\/v2\/media?parent=20216"}],"wp:term":[{"taxonomy":"category","embeddable":true,"href":"https:\/\/valores.pt\/pt-pt\/wp-json\/wp\/v2\/categories?post=20216"},{"taxonomy":"post_tag","embeddable":true,"href":"https:\/\/valores.pt\/pt-pt\/wp-json\/wp\/v2\/tags?post=20216"}],"curies":[{"name":"wp","href":"https:\/\/api.w.org\/{rel}","templated":true}]}}