{"id":20135,"date":"2022-06-14T13:18:11","date_gmt":"2022-06-14T13:18:11","guid":{"rendered":"http:\/\/valores.pt\/?page_id=20135"},"modified":"2022-12-20T18:25:10","modified_gmt":"2022-12-20T18:25:10","slug":"avisos-legais","status":"publish","type":"page","link":"https:\/\/valores.pt\/pt-pt\/avisos-legais\/","title":{"rendered":"Avisos Legais"},"content":{"rendered":"\t\t<div data-elementor-type=\"wp-page\" data-elementor-id=\"20135\" class=\"elementor elementor-20135\">\n\t\t\t\t<div class=\"elementor-element elementor-element-a00151a e-flex e-con-boxed e-con e-parent\" data-id=\"a00151a\" data-element_type=\"container\">\n\t\t\t\t\t<div class=\"e-con-inner\">\n\t\t\t\t<div class=\"elementor-element elementor-element-5d0a06c elementor-widget elementor-widget-text-editor\" data-id=\"5d0a06c\" data-element_type=\"widget\" data-widget_type=\"text-editor.default\">\n\t\t\t\t<div class=\"elementor-widget-container\">\n\t\t\t\t\t\t\t\t\t<h3>PRE\u00c2MBULO&nbsp; &nbsp; &nbsp; &nbsp; &nbsp; &nbsp; &nbsp;<\/h3>\n<p>Estas condi\u00e7\u00f5es s\u00e3o acordadas, por um lado entre Divervalor. SA. (www.valores.pt) ,Rua dos Ch\u00e3os, 53, 4710-230 Braga , Portugal, NIf 508 785 766, matriculada na Conservat\u00f3ria do Registo Comercial de Braga doravante designada por \u201cDivervalor, S.A. (www.valores.pt) ,\u201d e, por outro lado as pessoas que desejam efectuar uma compra atrav\u00e9s do Website da Internet de www.valores.pt doravante designadas por \u201co utilizador\u201d. A expedi\u00e7\u00e3o das encomendas ser\u00e1 efectuada no Continente, Madeira e A\u00e7ores.<\/p>\n<p>Estas condi\u00e7\u00f5es referem-se exclusivamente a pessoas singulares n\u00e3o comerciantes. As partes acordam que as suas rela\u00e7\u00f5es ser\u00e3o reguladas exclusivamente pelo presente contrato, com exclus\u00e3o de quaisquer condi\u00e7\u00f5es previamente dispon\u00edveis no Website. No caso de omiss\u00e3o de qualquer condi\u00e7\u00e3o, esta considerar-se-\u00e1 regulada pelos usos e costumes em vigor no sector de venda \u00e0 dist\u00e2ncia de acordo com a normas C\u00f3digo \u00c9tico e de Pr\u00e1ticas Leais da AMD \u00ac Associa\u00e7\u00e3o Portuguesa de Marketing Directo.<\/p>\n<h3>Artigo 1 &#8211; Processo do Registo e Encomenda<\/h3>\n<p>Para efectuar as suas compras atrav\u00e9s deste website, dever\u00e1 registar-se previamente.<\/p>\n<p>De modo a facilitar a sua encomenda, os produtos apresentados s\u00e3o agrupados por v\u00e1rias \u00e1reas. Estas \u00e1reas est\u00e3o identificadas no cabe\u00e7alho do site. Ao escolher uma dessas \u00e1reas ter\u00e1 acesso \u00e0s v\u00e1rias categorias pertencentes \u00e0 \u00e1rea seleccionada, bem como aos produtos em destaque.<\/p>\n<p>Em cada uma dessas categorias poder\u00e3o ainda existir subcategorias agregadas. Ao seleccionar uma categoria ou subcategoria ter\u00e1 acesso \u00e0 lista de produtos.<\/p>\n<p>Os produtos visualizados no site que pretender encomendar, dever\u00e3o ser inseridos no carrinho de compras, atrav\u00e9s do uso da op\u00e7\u00e3o \u201cAdicionar ao Carrinho\u201d. Poder\u00e1 ainda obter informa\u00e7\u00f5es mais detalhadas sobre os produtos visualizados, clicando no produto, para aceder a imagens detalhadas dos mesmos, suas designa\u00e7\u00f5es e refer\u00eancias, caracter\u00edsticas t\u00e9cnicas, etc..<\/p>\n<p>A confirma\u00e7\u00e3o da disponibilidade dos produtos encomendados e a aceita\u00e7\u00e3o da sua encomenda ser\u00e1 efectuada por telefone ou, se tal n\u00e3o for poss\u00edvel, atrav\u00e9s do envio de novo e-mail.<\/p>\n<p>Apenas com esta aceita\u00e7\u00e3o pela Divervalor, S.A. (www.valores.pt) se formar\u00e1 o acordo que obriga a Divervalor S.A. (www.valores.pt) e o cliente, e do qual fazem parte estas condi\u00e7\u00f5es de venda.<\/p>\n<p>A Divervalor, S.A. (www.valores.pt) poder\u00e1 retirar, a todo o tempo, qualquer oferta ou alterar o pre\u00e7o indicado at\u00e9 \u00e0 exist\u00eancia do acordo com o cliente.&nbsp;<\/p>\n<h3>Artigo 2 &#8211; Entregas e Portes de Envio<\/h3>\n<p>A entrega das encomendas ser\u00e1 efectuada para a morada indicada pelo utilizador quando efectua a encomenda.<\/p>\n<p>A entrega das encomendas poder\u00e1 ser feita:<\/p>\n<p>&#8211; No domic\u00edlio: o seu custo \u00e9 de 5\u20ac e a encomenda ser\u00e1 entregue de 2\u00aa a 6\u00aa feira, das 9h \u00e0s 19 horas (zona de Lisboa, Grande Lisboa, Algarve,Porto e grande Porto) e de 2\u00aa a 6\u00aa feira das 9 horas \u00e0s 18 horas no resto do pa\u00eds. Em caso de aus\u00eancia ser\u00e1 deixado um 2\u00ba aviso de passagem (zona de Lisboa, Grande Lisboa, Algarve, Porto e Grande Porto) para efectuar o levantamento na esta\u00e7\u00e3o de correios da zona de resid\u00eancia do utilizador (resto do pa\u00eds).<\/p>\n<p>&#8211; Em qualquer outra morada.<\/p>\n<p>&#8211; Nos correios. Neste caso, cerca de 10 dias ap\u00f3s fazer o seu pedido, receber\u00e1 um aviso dos CTT. Tem, ent\u00e3o, 5 dias \u00fateis para levantar a sua encomenda no hor\u00e1rio habitual. Ap\u00f3s este prazo a encomenda ser\u00e1 devolvida aos escrit\u00f3rios da Divervalor, S.A. (www.valores.pt).<\/p>\n<p>A Divervalor, S.A. (www.valores.pt) compromete-se a entregar os artigos encomendados com a maior brevidade poss\u00edvel. . O risco de perda ou dano dos produtos transfere-se para o cliente com a respectiva entrega.<\/p>\n<p>Para o acompanhamento de uma encomenda em curso, o utilizador pode telefonar para o Servi\u00e7o de Apoio ao Cliente da Divervalor, S.A. (www.valores.pt) para o seguinte n\u00famero:&nbsp;<a href=\"https:\/\/valores.pt\/pt-pt\/\" style=\"font-family: Quicksand, &quot;Source Sans Pro&quot;, &quot;Helvetica Neue&quot;, Helvetica, Arial, sans-serif; font-size: 14px; font-weight: var( --e-global-typography-text-font-weight ); text-align: var(--text-align); color: rgb(0, 0, 0); text-decoration: unset; outline: unset;\">253 619 273 (Chamada para rede fixa nacional)<\/a><span style=\"color: var( --e-global-color-text ); font-family: var( --e-global-typography-text-font-family ), Source Sans Pro, Helvetica Neue,Helvetica,Arial,sans-serif; font-size: var( --e-global-typography-text-font-size ); font-weight: var( --e-global-typography-text-font-weight ); text-align: var(--text-align);\">&nbsp;de segunda a sexta-feira das 9h \u00e0s 18:30 horas<\/span><\/p>\n<h3>Artigo 3 &#8211; Meios de Pagamento<\/h3>\n<p>Os meios de pagamento dispon\u00edveis s\u00e3o:<\/p>\n<p>(a) \u00c0 cobran\u00e7a (contra-reembolso)<\/p>\n<p>(b) PayPal (Cart\u00e3o de cr\u00e9dito (Visa e Mastercard))<\/p>\n<h3>Artigo 4 &#8211; Garantias<\/h3>\n<p>A Divervalor, S.A. (www.valores.pt) garante a conformidade dos produtos comercializados nos termos da lei. A assist\u00eancia t\u00e9cnica \u00e9 assegurada pela Divervalor, S.A. (www.valores.pt).<\/p>\n<p>A Divervalor, S.A. (www.valores.pt) da-lhe garantia de 6meses a partir da data da compra em todos os rel\u00f3gios por ela comercializada. As nossas garantias cobrem o movimento do rel\u00f3gio e a substitui\u00e7\u00e3o de baterias, durante este per\u00edodo e excluem: caixa do rel\u00f3gio, bracelete dos rel\u00f3gios, cintas, coroa, vidros, revestimentos, danos causados por uso indevido dos rel\u00f3gios, como pancadas e quedas, ou danos resultantes das limita\u00e7\u00f5es da resist\u00eancia \u00e0 \u00e1gua descritas pelo fabricante. Todos os custos do transporte e de expedi\u00e7\u00e3o do rel\u00f3gio mesmo dentro da garantia s\u00e3o da responsabilidade do Cliente. Esta garantia \u00e9 apenas v\u00e1lida na VALORES.PT. A repara\u00e7\u00e3o ou servi\u00e7o executado por algu\u00e9m que n\u00e3o um t\u00e9cnico da VALORES.PT anular\u00e1 esta garantia. A VALORES.PT DECLINA TOTAIS RESPONSABILIDADES NOS DANOS DOS REL\u00d3GIOS AP\u00d3S O FIM DA GARANTIA. Para mais informa\u00e7\u00f5es sobre Garantias por favor contacte o nosso Servi\u00e7o de Apoio ao Cliente atrav\u00e9s do n\u00famero&nbsp;<a href=\"https:\/\/valores.pt\/pt-pt\/\" style=\"color: rgb(0, 0, 0); text-decoration: unset; font-weight: var( --e-global-typography-text-font-weight ); text-align: var(--text-align); font-family: Quicksand, &quot;Source Sans Pro&quot;, &quot;Helvetica Neue&quot;, Helvetica, Arial, sans-serif; font-size: 14px; outline: unset;\">253 619 273 (Chamada para rede fixa nacional)<\/a><span style=\"color: var( --e-global-color-text ); font-family: var( --e-global-typography-text-font-family ), Source Sans Pro, Helvetica Neue,Helvetica,Arial,sans-serif; font-size: var( --e-global-typography-text-font-size ); font-weight: var( --e-global-typography-text-font-weight ); text-align: var(--text-align);\">&nbsp;<\/span>.<\/p>\n<p>Para enviar o seu rel\u00f3gio para o servi\u00e7o t\u00e9cnico de garantia, por favor indique:<\/p>\n<p>\u00b7&nbsp;&nbsp;&nbsp;&nbsp;&nbsp;&nbsp;&nbsp;&nbsp;&nbsp; Nome<\/p>\n<p>\u00b7&nbsp;&nbsp;&nbsp;&nbsp;&nbsp;&nbsp;&nbsp;&nbsp;&nbsp; Original da Factura<\/p>\n<p>\u00b7&nbsp;&nbsp;&nbsp;&nbsp;&nbsp;&nbsp;&nbsp;&nbsp;&nbsp; Original da Garantia<\/p>\n<p>\u00b7&nbsp;&nbsp;&nbsp;&nbsp;&nbsp;&nbsp;&nbsp;&nbsp;&nbsp; Descri\u00e7\u00e3o detalhada do problema que tem o rel\u00f3gio.<\/p>\n<p>Dever\u00e1 embalar o rel\u00f3gio se poss\u00edvel na caixa original, caso n\u00e3o seja poss\u00edvel certifique-se do seu adequado acondicionamento e enviar para a VALORES.PT atrav\u00e9s dos CTT-Expresso ou pacote registado. Os custos para o envio do rel\u00f3gio s\u00e3o da responsabilidade do Cliente.<\/p>\n<h3>Artigo 5 &#8211; Resolu\u00e7\u00e3o da Compra<\/h3>\n<p>O cliente disp\u00f5e do prazo m\u00e1ximo de 15 dias para resolver livremente o acordo de compra celebrado com a Divervalor, S.A. (www.valores.pt), desde que para o efeito proceda \u00e0 devolu\u00e7\u00e3o dos produtos adquiridos, nas condi\u00e7\u00f5es de utiliza\u00e7\u00e3o em que estes se encontravam aquando da entrega.<\/p>\n<p>Para o efeito, dever\u00e1 contactar-nos atrav\u00e9s do e-mail&nbsp;<span><a href=\"mailto:geral@valores.pt\">info@valores.pt<\/a><\/span>&nbsp;ou atrav\u00e9s do nosso Contact Center pelo n\u00ba&nbsp;<a href=\"https:\/\/valores.pt\/pt-pt\/\" style=\"color: rgb(0, 0, 0); text-decoration: unset; font-weight: var( --e-global-typography-text-font-weight ); text-align: var(--text-align); font-family: Quicksand, &quot;Source Sans Pro&quot;, &quot;Helvetica Neue&quot;, Helvetica, Arial, sans-serif; font-size: 14px; outline: unset;\">253 619 273 (Chamada para rede fixa nacional)<\/a><span style=\"color: var( --e-global-color-text ); font-family: var( --e-global-typography-text-font-family ), Source Sans Pro, Helvetica Neue,Helvetica,Arial,sans-serif; font-size: var( --e-global-typography-text-font-size ); font-weight: var( --e-global-typography-text-font-weight ); text-align: var(--text-align);\">&nbsp;<\/span>. A devolu\u00e7\u00e3o dos produtos, bem como a entrega dos seus substitutos ou a emiss\u00e3o de nota de cr\u00e9dito ou o reembolso em dinheiro, ser\u00e3o efectuados em data a acordar. Dever\u00e1 sempre proceder \u00e0 devolu\u00e7\u00e3o dos produtos na sua embalagem original, com todos os acess\u00f3rios e o respectivo recibo de compra.<\/p>\n<h3>Artigo 6 &#8211; Outros Direitos e Responsabilidades &nbsp;<\/h3>\n<p>&#8211; Username<\/p>\n<p>Cada cliente registado escolher\u00e1 um Username (e-mail) que \u00e9 \u00fanico, pessoal e intransmiss\u00edvel. A password \u00e9 escolhida pelo cliente no momento do registo e dever\u00e1 ser mantida em segredo.<\/p>\n<p>&#8211; Seguran\u00e7a nas Transac\u00e7\u00f5es<\/p>\n<p>Os Meios de Pagamento disponibilizados \u00e0 cobran\u00e7a garantem-lhe um pagamento contra a entrega e, simultaneamente, um n\u00edvel de seguran\u00e7a m\u00e1ximo, quer seja efectuado em dinheiro ou cheque.<\/p>\n<p>&#8211; Propriedade dos Conte\u00fados e Sinais Distintivos<\/p>\n<p>Todos os dados e conte\u00fados do site, incluindo sinais distintivos do com\u00e9rcio, s\u00e3o propriedade exclusiva da Divervalor, S.A. (www.valores.pt) ou de terceiros e como tal protegidos por lei.<\/p>\n<p>&#8211; Erros nos Conte\u00fados<\/p>\n<p>A Divervalor, S.A. (www.valores.pt) n\u00e3o assume qualquer responsabilidade por quaisquer erros no conte\u00fado do site e da informa\u00e7\u00e3o disponibilizada. A Divervalor, S.A. (www.valores.pt) faz todos os esfor\u00e7os razo\u00e1veis para assegurar a exactid\u00e3o e conformidade do site, reservando-se o direito de alterar livremente os conte\u00fados do site, a todo o tempo e sem aviso pr\u00e9vio.<\/p>\n<p>&#8211; Links<\/p>\n<p>Qualquer pessoa ou entidade que disponha de um site na Internet e que deseje colocar, para seu uso, um link que envie directamente a este site ter\u00e1 que pedir autoriza\u00e7\u00e3o pr\u00e9via \u00e0 Divervalor, S.A. (www.valores.pt). \u00c9 expressamente proibida a utiliza\u00e7\u00e3o de qualquer link reenviando a este site e utilizando a t\u00e9cnica de framing ou de in-Line linking. A Divervalor, S.A. (www.valores.pt) poder\u00e1 exigir a todo o tempo a elimina\u00e7\u00e3o de qualquer v\u00ednculo, ainda que autorizado.<\/p>\n<p>&#8211; Utiliza\u00e7\u00e3o da Internet<\/p>\n<p>A Divervalor, S.A. (www.valores.pt) n\u00e3o ser\u00e1 respons\u00e1vel pelos preju\u00edzos e inconvenientes decorrentes da utiliza\u00e7\u00e3o da Internet, incluindo, por exemplo, em consequ\u00eancia da ruptura ou defici\u00eancia do servi\u00e7o e acesso, da intrus\u00e3o exterior ou da presen\u00e7a de v\u00edrus inform\u00e1ticos, ou de qualquer caso de for\u00e7a maior.<\/p>\n<h3>Artigo 7\u2013 Dura\u00e7\u00e3o<\/h3>\n<p>As presentes condi\u00e7\u00f5es aplicam-se durante todo o prazo da disponibilidade on-line dos servi\u00e7os oferecidos pela sociedade Divervalor, S.A. (www.valores.pt).<\/p>\n<h3>Artigo 8 \u2013 Prova<\/h3>\n<p>Os registos informatizados, conservados nos sistemas inform\u00e1ticos da sociedade Divervalor, S.A. (www.valores.pt) e dos seus s\u00f3cios em condi\u00e7\u00f5es razo\u00e1veis de seguran\u00e7a consideram-se como uma prova das comunica\u00e7\u00f5es, das encomendas e dos pagamentos produzidos entre as partes.<\/p>\n<h3>Artigo 9\u2013 Conserva\u00e7\u00e3o e arquivo das transac\u00e7\u00f5es<\/h3>\n<p>O arquivo das encomendas e as facturas ser\u00e3o efectuados sobre um suporte fi\u00e1vel e duradouro para corresponder a uma c\u00f3pia fiel e duradoura.<\/p>\n<h3>Artigo 10 &#8211; Legisla\u00e7\u00e3o e Foro<\/h3>\n<p>Quaisquer acordos e documentos a que sejam aplic\u00e1veis as presentes condi\u00e7\u00f5es de venda s\u00e3o regulados pela lei Portuguesa. Os lit\u00edgios emergentes de quaisquer acordos ou documentos a que sejam aplic\u00e1veis as presentes condi\u00e7\u00f5es de venda ser\u00e3o submetidos aos tribunais competentes de Portugal.<\/p>\t\t\t\t\t\t\t\t<\/div>\n\t\t\t\t<\/div>\n\t\t\t\t\t<\/div>\n\t\t\t\t<\/div>\n\t\t\t\t<\/div>\n\t\t","protected":false},"excerpt":{"rendered":"<p>PRE\u00c2MBULO&nbsp; &nbsp; &nbsp; &nbsp; &nbsp; &nbsp; &nbsp; Estas condi\u00e7\u00f5es s\u00e3o acordadas, por um lado entre Divervalor. SA. (www.valores.pt) ,Rua dos Ch\u00e3os, 53, 4710-230 Braga , Portugal, NIf 508 785 766, matriculada na Conservat\u00f3ria do Registo Comercial de Braga doravante designada por \u201cDivervalor, S.A. (www.valores.pt) ,\u201d e, por outro lado as pessoas que desejam efectuar uma [&hellip;]<\/p>\n","protected":false},"author":3,"featured_media":0,"parent":0,"menu_order":0,"comment_status":"closed","ping_status":"closed","template":"elementor_header_footer","meta":{"_acf_changed":false,"pgc_meta":"","_joinchat":[],"footnotes":""},"categories":[],"tags":[],"class_list":["post-20135","page","type-page","status-publish","hentry"],"acf":[],"pgc_meta":"","_links":{"self":[{"href":"https:\/\/valores.pt\/pt-pt\/wp-json\/wp\/v2\/pages\/20135","targetHints":{"allow":["GET"]}}],"collection":[{"href":"https:\/\/valores.pt\/pt-pt\/wp-json\/wp\/v2\/pages"}],"about":[{"href":"https:\/\/valores.pt\/pt-pt\/wp-json\/wp\/v2\/types\/page"}],"author":[{"embeddable":true,"href":"https:\/\/valores.pt\/pt-pt\/wp-json\/wp\/v2\/users\/3"}],"replies":[{"embeddable":true,"href":"https:\/\/valores.pt\/pt-pt\/wp-json\/wp\/v2\/comments?post=20135"}],"version-history":[{"count":6,"href":"https:\/\/valores.pt\/pt-pt\/wp-json\/wp\/v2\/pages\/20135\/revisions"}],"predecessor-version":[{"id":22136,"href":"https:\/\/valores.pt\/pt-pt\/wp-json\/wp\/v2\/pages\/20135\/revisions\/22136"}],"wp:attachment":[{"href":"https:\/\/valores.pt\/pt-pt\/wp-json\/wp\/v2\/media?parent=20135"}],"wp:term":[{"taxonomy":"category","embeddable":true,"href":"https:\/\/valores.pt\/pt-pt\/wp-json\/wp\/v2\/categories?post=20135"},{"taxonomy":"post_tag","embeddable":true,"href":"https:\/\/valores.pt\/pt-pt\/wp-json\/wp\/v2\/tags?post=20135"}],"curies":[{"name":"wp","href":"https:\/\/api.w.org\/{rel}","templated":true}]}}