{"id":14474,"date":"2020-08-19T07:40:26","date_gmt":"2020-08-19T07:40:26","guid":{"rendered":"https:\/\/wpbingosite.com\/wordpress\/funio\/?page_id=14474"},"modified":"2022-12-20T18:41:45","modified_gmt":"2022-12-20T18:41:45","slug":"faqs","status":"publish","type":"page","link":"https:\/\/valores.pt\/pt-pt\/faqs\/","title":{"rendered":"Faq"},"content":{"rendered":"\t\t<div data-elementor-type=\"wp-page\" data-elementor-id=\"14474\" class=\"elementor elementor-14474\">\n\t\t\t\t\t\t<section class=\"elementor-section elementor-top-section elementor-element elementor-element-66e9c05 elementor-section-boxed elementor-section-height-default elementor-section-height-default\" data-id=\"66e9c05\" data-element_type=\"section\">\n\t\t\t\t\t\t<div class=\"elementor-container elementor-column-gap-default\">\n\t\t\t\t\t<div class=\"elementor-column elementor-col-100 elementor-top-column elementor-element elementor-element-4170ba4\" data-id=\"4170ba4\" data-element_type=\"column\">\n\t\t\t<div class=\"elementor-widget-wrap elementor-element-populated\">\n\t\t\t\t\t\t<div class=\"elementor-element elementor-element-ba7f0e9 title-block-1 elementor-widget elementor-widget-heading\" data-id=\"ba7f0e9\" data-element_type=\"widget\" data-widget_type=\"heading.default\">\n\t\t\t\t<div class=\"elementor-widget-container\">\n\t\t\t\t\t<h2 class=\"elementor-heading-title elementor-size-default\">Perguntas frequentes<\/h2>\t\t\t\t<\/div>\n\t\t\t\t<\/div>\n\t\t\t\t\t<\/div>\n\t\t<\/div>\n\t\t\t\t\t<\/div>\n\t\t<\/section>\n\t\t<div class=\"elementor-element elementor-element-7a6a45e e-flex e-con-boxed e-con e-parent\" data-id=\"7a6a45e\" data-element_type=\"container\">\n\t\t\t\t\t<div class=\"e-con-inner\">\n\t\t\t\t<div class=\"elementor-element elementor-element-fabdf03 elementor-widget elementor-widget-text-editor\" data-id=\"fabdf03\" data-element_type=\"widget\" data-widget_type=\"text-editor.default\">\n\t\t\t\t<div class=\"elementor-widget-container\">\n\t\t\t\t\t\t\t\t\t<h3>Qual \u00e9 o pre\u00e7o da grama de Ouro?<\/h3>\n<p>O pre\u00e7o da grama de ouro fino \u00e9 definido diariamente nos mercados internacionais, dependendo da oferta e procura existente em todo o mundo.<\/p>\n<h3>Onde se situam as ag\u00eancias VALORES?<\/h3>\n<p>Distribu\u00eddas por todo o pa\u00eds, tentamos estar o mais perto poss\u00edvel dos nossos clientes. Para uma identifica\u00e7\u00e3o mais correcta da loja mais perto de si, visite a sec\u00e7\u00e3o ag\u00eancias.<\/p>\n<h3>Qual o 1\u00ba passo para abrir uma ag\u00eancia VALORES?<\/h3>\n<p>Entrar em contacto com o nosso departamento de Expans\u00e3o &#8211; Tel. 253 619 273 (Chamada para rede fixa nacional).&nbsp;<\/p>\n<h3>Qual o valor inicial do Franchising VALORES?<\/h3>\n<p>A partir de 29.900\u20ac + IVA.<\/p>\n<h3>O que est\u00e1 inclu\u00eddo no valor inicial do Franchising VALORES?<\/h3>\n<p>O franchising Valores tem a caracter\u00edstica de se apresentar como uma solu\u00e7\u00e3o de \u201cChave na m\u00e3o\u201d, por isso, est\u00e1 inclu\u00eddo no valor inicial: Forma\u00e7\u00e3o, Decora\u00e7\u00e3o da loja, Mobili\u00e1rio, Computador, Software, Impressora Multifun\u00e7\u00f5es, Mini Laborat\u00f3rio, Cofre, CCTV e Balan\u00e7a.<\/p>\n<h3>O que fica \u00e0 responsabilidade do Franchisado ao aderir ao Franchising VALORES?<\/h3>\n<p>Local (\u00e1rea recomendada de 20m2) com grande movimento de pessoas, aquisi\u00e7\u00e3o do franchising conforme acima descrito, 1 telefone de rede fixa, liga\u00e7\u00e3o \u00e0 internet, alarme com liga\u00e7\u00e3o a central, seguro de acidentes de trabalho, ordenado, seguran\u00e7a social dos funcion\u00e1rios (se aplic\u00e1vel), obras no local, seguro multirriscos, taxas e licen\u00e7as dos reclames exteriores, contrastaria, etc.<\/p>\n<h3>Qual o per\u00edodo que medeia entre a assinatura do contrato e a abertura da loja?<\/h3>\n<p>No que depende da Valores (forma\u00e7\u00e3o e instala\u00e7\u00e3o da loja) garantimos um per\u00edodo m\u00e1ximo de 30 dias.<\/p>\t\t\t\t\t\t\t\t<\/div>\n\t\t\t\t<\/div>\n\t\t\t\t\t<\/div>\n\t\t\t\t<\/div>\n\t\t\t\t<\/div>\n\t\t","protected":false},"excerpt":{"rendered":"<p>Perguntas frequentes Qual \u00e9 o pre\u00e7o da grama de Ouro? O pre\u00e7o da grama de ouro fino \u00e9 definido diariamente nos mercados internacionais, dependendo da oferta e procura existente em todo o mundo. Onde se situam as ag\u00eancias VALORES? Distribu\u00eddas por todo o pa\u00eds, tentamos estar o mais perto poss\u00edvel dos nossos clientes. Para uma [&hellip;]<\/p>\n","protected":false},"author":3,"featured_media":0,"parent":0,"menu_order":0,"comment_status":"closed","ping_status":"closed","template":"page-templates\/homepage.php","meta":{"_acf_changed":false,"pgc_meta":"","_joinchat":[],"footnotes":""},"categories":[],"tags":[],"class_list":["post-14474","page","type-page","status-publish","hentry"],"acf":[],"pgc_meta":"","_links":{"self":[{"href":"https:\/\/valores.pt\/pt-pt\/wp-json\/wp\/v2\/pages\/14474","targetHints":{"allow":["GET"]}}],"collection":[{"href":"https:\/\/valores.pt\/pt-pt\/wp-json\/wp\/v2\/pages"}],"about":[{"href":"https:\/\/valores.pt\/pt-pt\/wp-json\/wp\/v2\/types\/page"}],"author":[{"embeddable":true,"href":"https:\/\/valores.pt\/pt-pt\/wp-json\/wp\/v2\/users\/3"}],"replies":[{"embeddable":true,"href":"https:\/\/valores.pt\/pt-pt\/wp-json\/wp\/v2\/comments?post=14474"}],"version-history":[{"count":3,"href":"https:\/\/valores.pt\/pt-pt\/wp-json\/wp\/v2\/pages\/14474\/revisions"}],"predecessor-version":[{"id":22147,"href":"https:\/\/valores.pt\/pt-pt\/wp-json\/wp\/v2\/pages\/14474\/revisions\/22147"}],"wp:attachment":[{"href":"https:\/\/valores.pt\/pt-pt\/wp-json\/wp\/v2\/media?parent=14474"}],"wp:term":[{"taxonomy":"category","embeddable":true,"href":"https:\/\/valores.pt\/pt-pt\/wp-json\/wp\/v2\/categories?post=14474"},{"taxonomy":"post_tag","embeddable":true,"href":"https:\/\/valores.pt\/pt-pt\/wp-json\/wp\/v2\/tags?post=14474"}],"curies":[{"name":"wp","href":"https:\/\/api.w.org\/{rel}","templated":true}]}}