{"id":19228,"date":"2022-04-06T14:50:52","date_gmt":"2022-04-06T14:50:52","guid":{"rendered":"http:\/\/valores.pt\/shipping-and-deliveries\/"},"modified":"2022-04-26T15:26:23","modified_gmt":"2022-04-26T15:26:23","slug":"shipping-and-deliveries","status":"publish","type":"page","link":"https:\/\/valores.pt\/en\/shipping-and-deliveries\/","title":{"rendered":"Shipping and Deliveries"},"content":{"rendered":"\t\t<div data-elementor-type=\"wp-page\" data-elementor-id=\"19228\" class=\"elementor elementor-19228 elementor-19226\">\n\t\t\t\t<div class=\"elementor-element elementor-element-d1ca553 e-flex e-con-boxed e-con e-parent\" data-id=\"d1ca553\" data-element_type=\"container\">\n\t\t\t\t\t<div class=\"e-con-inner\">\n\t\t\t\t<div class=\"elementor-element elementor-element-e0a3686 elementor-widget elementor-widget-text-editor\" data-id=\"e0a3686\" data-element_type=\"widget\" data-widget_type=\"text-editor.default\">\n\t\t\t\t<div class=\"elementor-widget-container\">\n\t\t\t\t\t\t\t\t\t<p class=\"p1\">Todos os artigos que est\u00e3o expostos na nossa p\u00e1gina, est\u00e3o em stock.<\/p><p class=\"p1\">Contudo, o tempo de entrega varia de artigo para artigo.<\/p><p class=\"p1\">\u00c0 semelhan\u00e7a da maioria das empresas que prestam este servi\u00e7o, 99% do ouro comprado tem como destino a fundi\u00e7\u00e3o, isto \u00e9, s\u00e3o derretidos.<\/p><p class=\"p1\">Como os artigos s\u00e3o usados, a legisla\u00e7\u00e3o portuguesa obriga-nos a reter os artigos durante 20 dias \u00fateis ap\u00f3s a compra.<\/p><p class=\"p1\">Isto significa que, apesar de termos os artigos expostos online, s\u00f3 os podemos entregar ao cliente decorrido este prazo.<\/p><p class=\"p1\">Este prazo varia de artigo para artigo, porque h\u00e1 artigos que est\u00e3o hoje na nossa loja e que foram comprados a um particular h\u00e1 1 semana atr\u00e1s, h\u00e1 outros que foram comprados h\u00e1 3 semanas, etc.<\/p><p class=\"p1\">A data de entrega e\/ou expedi\u00e7\u00e3o pela transportadora est\u00e1 sempre expl\u00edcita na p\u00e1gina de cada artigo.<\/p><p class=\"p1\"><b>Temos artigos que est\u00e3o dispon\u00edveis para entrega imediata e artigos que podem demorar uma, duas ou tr\u00eas semanas a serem expedidos.<\/b><\/p>\t\t\t\t\t\t\t\t<\/div>\n\t\t\t\t<\/div>\n\t\t\t\t\t<\/div>\n\t\t\t\t<\/div>\n\t\t\t\t<\/div>\n\t\t","protected":false},"excerpt":{"rendered":"","protected":false},"author":3,"featured_media":0,"parent":0,"menu_order":0,"comment_status":"closed","ping_status":"closed","template":"page-templates\/default-page.php","meta":{"_acf_changed":false,"pgc_meta":"","_joinchat":[],"footnotes":""},"categories":[],"tags":[],"class_list":["post-19228","page","type-page","status-publish","hentry"],"acf":[],"pgc_meta":"","_links":{"self":[{"href":"https:\/\/valores.pt\/en\/wp-json\/wp\/v2\/pages\/19228","targetHints":{"allow":["GET"]}}],"collection":[{"href":"https:\/\/valores.pt\/en\/wp-json\/wp\/v2\/pages"}],"about":[{"href":"https:\/\/valores.pt\/en\/wp-json\/wp\/v2\/types\/page"}],"author":[{"embeddable":true,"href":"https:\/\/valores.pt\/en\/wp-json\/wp\/v2\/users\/3"}],"replies":[{"embeddable":true,"href":"https:\/\/valores.pt\/en\/wp-json\/wp\/v2\/comments?post=19228"}],"version-history":[{"count":0,"href":"https:\/\/valores.pt\/en\/wp-json\/wp\/v2\/pages\/19228\/revisions"}],"wp:attachment":[{"href":"https:\/\/valores.pt\/en\/wp-json\/wp\/v2\/media?parent=19228"}],"wp:term":[{"taxonomy":"category","embeddable":true,"href":"https:\/\/valores.pt\/en\/wp-json\/wp\/v2\/categories?post=19228"},{"taxonomy":"post_tag","embeddable":true,"href":"https:\/\/valores.pt\/en\/wp-json\/wp\/v2\/tags?post=19228"}],"curies":[{"name":"wp","href":"https:\/\/api.w.org\/{rel}","templated":true}]}}