{"id":18919,"date":"2020-01-13T06:50:18","date_gmt":"2020-01-13T06:50:18","guid":{"rendered":"http:\/\/valores.pt\/about-us\/"},"modified":"2022-06-14T13:12:53","modified_gmt":"2022-06-14T13:12:53","slug":"about-us","status":"publish","type":"page","link":"https:\/\/valores.pt\/en\/about-us\/","title":{"rendered":"About us"},"content":{"rendered":"\t\t<div data-elementor-type=\"wp-page\" data-elementor-id=\"18919\" class=\"elementor elementor-18919 elementor-9095\">\n\t\t\t\t<div class=\"elementor-element elementor-element-11624a6 e-flex e-con-boxed e-con e-parent\" data-id=\"11624a6\" data-element_type=\"container\">\n\t\t\t\t\t<div class=\"e-con-inner\">\n\t\t<div class=\"elementor-element elementor-element-33db1c5 e-con-full e-flex e-con e-child\" data-id=\"33db1c5\" data-element_type=\"container\">\n\t\t\t\t<div class=\"elementor-element elementor-element-c75c203 elementor-widget elementor-widget-text-editor\" data-id=\"c75c203\" data-element_type=\"widget\" data-widget_type=\"text-editor.default\">\n\t\t\t\t<div class=\"elementor-widget-container\">\n\t\t\t\t\t\t\t\t\t<p>\u00a0<\/p><p>A Valores \u00e9 uma empresa que se dedica \u00e0 comercializa\u00e7\u00e3o e reciclagem de metais preciosos. \u00c9 composta por uma equipa de profissionais com uma vasta e longa experi\u00eancia na avalia\u00e7\u00e3o de j\u00f3ias e na transforma\u00e7\u00e3o de metais preciosos para a ind\u00fastria e investidores.<\/p><p>O principal objectivo \u00e9 proporcionar aos consumidores uma forma segura, conveniente e confi\u00e1vel de vender objetos em ouro, platina e prata e tamb\u00e9m j\u00f3ias. Iniciou a sua atividade em 2008 e, com vista a uma expans\u00e3o r\u00e1pida e eficiente do neg\u00f3cio, a marca desenvolveu um novo modelo de franchising pioneiro nesta \u00e1rea em Portugal.<\/p><p>No final de 2012 voltou a inovar, ao colocar \u00e0 disposi\u00e7\u00e3o dos seus clientes um novo produto: a venda com op\u00e7\u00e3o de compra. Para al\u00e9m deste servi\u00e7o, a empresa \u00e9 tamb\u00e9m um agente Moneygram e a grande maior parte das suas ag\u00eancias t\u00eam tamb\u00e9m o servi\u00e7o Valores Prestige, que consiste na venda de artigos de ourivesaria novos e usados.<\/p>\t\t\t\t\t\t\t\t<\/div>\n\t\t\t\t<\/div>\n\t\t\t\t<\/div>\n\t\t<div class=\"elementor-element elementor-element-9d55837 e-con-full e-flex e-con e-child\" data-id=\"9d55837\" data-element_type=\"container\">\n\t\t\t\t<div class=\"elementor-element elementor-element-6d18bba elementor-widget elementor-widget-image\" data-id=\"6d18bba\" data-element_type=\"widget\" data-widget_type=\"image.default\">\n\t\t\t\t<div class=\"elementor-widget-container\">\n\t\t\t\t\t\t\t\t\t\t\t\t\t\t\t<img fetchpriority=\"high\" decoding=\"async\" width=\"1024\" height=\"799\" src=\"https:\/\/valores.pt\/wp-content\/uploads\/2022\/06\/ImagemEmpresa3-1024x799.jpeg\" class=\"attachment-large size-large wp-image-20126\" alt=\"\" \/>\t\t\t\t\t\t\t\t\t\t\t\t\t\t\t<\/div>\n\t\t\t\t<\/div>\n\t\t\t\t<\/div>\n\t\t\t\t\t<\/div>\n\t\t\t\t<\/div>\n\t\t\t\t<\/div>\n\t\t","protected":false},"excerpt":{"rendered":"<p>\u00a0 A Valores \u00e9 uma empresa que se dedica \u00e0 comercializa\u00e7\u00e3o e reciclagem de metais preciosos. \u00c9 composta por uma equipa de profissionais com uma vasta e longa experi\u00eancia na avalia\u00e7\u00e3o de j\u00f3ias e na transforma\u00e7\u00e3o de metais preciosos para a ind\u00fastria e investidores. O principal objectivo \u00e9 proporcionar aos consumidores uma forma segura, conveniente [&hellip;]<\/p>\n","protected":false},"author":3,"featured_media":0,"parent":0,"menu_order":0,"comment_status":"closed","ping_status":"closed","template":"page-templates\/default-page.php","meta":{"_acf_changed":false,"pgc_meta":"","_joinchat":[],"footnotes":""},"categories":[],"tags":[],"class_list":["post-18919","page","type-page","status-publish","hentry"],"acf":[],"pgc_meta":"","_links":{"self":[{"href":"https:\/\/valores.pt\/en\/wp-json\/wp\/v2\/pages\/18919","targetHints":{"allow":["GET"]}}],"collection":[{"href":"https:\/\/valores.pt\/en\/wp-json\/wp\/v2\/pages"}],"about":[{"href":"https:\/\/valores.pt\/en\/wp-json\/wp\/v2\/types\/page"}],"author":[{"embeddable":true,"href":"https:\/\/valores.pt\/en\/wp-json\/wp\/v2\/users\/3"}],"replies":[{"embeddable":true,"href":"https:\/\/valores.pt\/en\/wp-json\/wp\/v2\/comments?post=18919"}],"version-history":[{"count":0,"href":"https:\/\/valores.pt\/en\/wp-json\/wp\/v2\/pages\/18919\/revisions"}],"wp:attachment":[{"href":"https:\/\/valores.pt\/en\/wp-json\/wp\/v2\/media?parent=18919"}],"wp:term":[{"taxonomy":"category","embeddable":true,"href":"https:\/\/valores.pt\/en\/wp-json\/wp\/v2\/categories?post=18919"},{"taxonomy":"post_tag","embeddable":true,"href":"https:\/\/valores.pt\/en\/wp-json\/wp\/v2\/tags?post=18919"}],"curies":[{"name":"wp","href":"https:\/\/api.w.org\/{rel}","templated":true}]}}